{"id":956,"date":"2020-03-26T12:04:42","date_gmt":"2020-03-26T11:04:42","guid":{"rendered":"https:\/\/www.infiniment-luxe.com\/?page_id=956"},"modified":"2020-03-26T12:22:28","modified_gmt":"2020-03-26T11:22:28","slug":"politique-de-confidentialite","status":"publish","type":"page","link":"https:\/\/www.infiniment-luxe.com\/fr\/politique-de-confidentialite\/","title":{"rendered":"Politique de confidentialit\u00e9"},"content":{"rendered":"<h2>Utilisation des donn\u00e9es personnelles collect\u00e9es<\/h2>\n<h3>Formulaire de contact<\/h3>\n<p>Lorsque vous nous \u00e9crivez via le formulaire de contact, les donn\u00e9es inscrites (nom, pr\u00e9nom, fonction, t\u00e9l\u00e9phone, entreprise, adresse mail et message), nous permettent de vous re-contacter et de r\u00e9pondre \u00e0 vos demandes.<br \/>\nLes informations recueillies sur le formulaire sont recueillies par Infiniment Luxe pour la gestion de vos demandes.<br \/>\nVos informations personnelles nous servent seulement \u00e0 am\u00e9liorer votre exp\u00e9rience client et vos besoins \u00e9voqu\u00e9s lors de votre message. Nous prot\u00e8gerons vos donn\u00e9es comme si c\u2019\u00e9taient les n\u00f4tres.<br \/>\nCes informations sont remplies et donn\u00e9es par vos soins et donc par consentement de la personne concern\u00e9e.<br \/>\nJusqu\u2019\u00e0 ce que vous nous informiez du contraire, nous comprenons que vos donn\u00e9es n\u2019ont pas \u00e9t\u00e9 modifi\u00e9es, que vous acceptez de nous informer de tout changement et que nous avons votre consentement pour les utiliser aux fins mentionn\u00e9es. Le formulaire cr\u00e9e sur le site a pour vocation unique d\u2019identifier les structures et personnes souhaitant entrer en contact avec l\u2019association Infiniment Luxe. Ces donn\u00e9es ne sont pas conserv\u00e9es ni transf\u00e9r\u00e9es.<br \/>\nConform\u00e9ment aux droits conf\u00e9r\u00e9s par la r\u00e9glementation actuelle sur la protection des donn\u00e9es (RGPD), vous pouvez exercer vos droits d\u2019acc\u00e8s, de rectification, de limitation de traitement, de suppression, de portabilit\u00e9 et d\u2019opposition au traitement de vos donn\u00e9es en adressant votre demande \u00e0 : Infiniment luxe par mail \u00e0 l\u2019adresse <a href=\"mailto:contact@infiniment-luxe.com\" target=\"_blank\" rel=\"noopener noreferrer\">contact@infiniment-luxe.com<\/a> ou par un courrier postal \u00e0 l\u2019adresse suivante :<br \/>\nInfiniment luxe<br \/>\nCRMA Auvergne-Rh\u00f4ne-Alpes<br \/>\n10 rue Paul Montrochet \u2013 69002 Lyon<br \/>\nContact RGPD : Sarah POYETON.<\/p>\n<p>Cette politique de confidentialit\u00e9 a \u00e9t\u00e9 mise \u00e0 jour en mars 2020. Si cela est n\u00e9cessaire, Infiniment Luxe est susceptible d\u2019apporter des modifications \u00e0 sa politique de confidentialit\u00e9 et la mettre \u00e0 jour sur son site web. Nous nous r\u00e9servons le droit de mettre \u00e0 jour notre politique de confidentialit\u00e9 \u00e0 tout moment et nous vous recommandons de la consulter fr\u00e9quemment.<\/p>\n<h3>Cookies<\/h3>\n<p>Lorsque vous \u00eates sur le site, nous mettons en place un certain nombre de cookies pour enregistrer vos informations de connexion et vos pr\u00e9f\u00e9rences d\u2019\u00e9cran. La dur\u00e9e de vie d\u2019un cookie de connexion est de deux jours, celle d\u2019un cookie d\u2019option d\u2019\u00e9cran est d\u2019un an.<br \/>\nLe site www.infiniment-luxe.com contient un certain nombre de liens hypertextes vers d\u2019autres sites (partenaires, informations\u2026) mis en place avec l\u2019autorisation de Infiniment Luxe. Cependant, l&rsquo;association Infiniment Luxe n\u2019a pas la possibilit\u00e9 de v\u00e9rifier l\u2019ensemble du contenu des sites ainsi visit\u00e9s et d\u00e9cline donc toute responsabilit\u00e9 de ce fait quand aux risques \u00e9ventuels de contenus illicites.<br \/>\nL\u2019utilisateur est inform\u00e9 que lors de ses visites sur le site www.infiniment-luxe.com, un ou des cookies sont susceptibles de s\u2019installer automatiquement sur son ordinateur par l\u2019interm\u00e9diaire de son logiciel de navigation. Un cookie est un bloc de donn\u00e9es qui ne permet pas d\u2019identifier l\u2019utilisateur, mais qui enregistre des informations relatives \u00e0 la navigation de celui-ci sur le site.<br \/>\nLe param\u00e9trage du logiciel de navigation permet d\u2019informer de la pr\u00e9sence de cookie et \u00e9ventuellement, de la refuser de la mani\u00e8re d\u00e9crite \u00e0 l\u2019adresse suivante : <strong><a href=\"https:\/\/www.cnil.fr\/fr\/cookies-les-outils-pour-les-maitriser\" target=\"_blank\" rel=\"noopener noreferrer\">www.cnil.fr<\/a><\/strong>. L\u2019utilisateur peut toutefois configurer le navigateur de son ordinateur pour refuser l\u2019installation des cookies, sachant que le refus d\u2019installation d\u2019un cookie peut entra\u00eener l\u2019impossibilit\u00e9 d\u2019acc\u00e9der \u00e0 certains services. Pour tout bloquage des cookies, tapez dans votre moteur de recherche : bloquage des cookies sous IE, firefox ou autre et suivez les instructions en fonction de votre version.<\/p>\n<h3>Contenu embarqu\u00e9 depuis d\u2019autres sites<\/h3>\n<p>Les articles de ce site peuvent inclure des contenus int\u00e9gr\u00e9s (par exemple des vid\u00e9os, images, articles\u2026). Le contenu int\u00e9gr\u00e9 depuis d\u2019autres sites se comporte de la m\u00eame mani\u00e8re que si le visiteur se rendait sur cet autre site. Ces sites web pourraient collecter des donn\u00e9es sur vous, utiliser des cookies, embarquer des outils de suivis tiers, suivre vos interactions avec ces contenus embarqu\u00e9s si vous disposez d\u2019un compte connect\u00e9 sur leur site web.<\/p>\n<h3>Statistiques et mesures d\u2019audience<\/h3>\n<p>Les statistiques et l\u2019audience sont mesur\u00e9s gr\u00e2ce \u00e0 google analytics. Vous pouvez consulter <strong><a href=\"https:\/\/policies.google.com\/?hl=fr\" target=\"_blank\" rel=\"noopener noreferrer\">les r\u00e8gles de confidentialit\u00e9 et conditions d\u2019utilisation<\/a><\/strong>.<\/p>\n","protected":false},"excerpt":{"rendered":"<p>Utilisation des donn\u00e9es personnelles collect\u00e9es Formulaire de contact Lorsque vous nous \u00e9crivez via le formulaire de contact, les donn\u00e9es inscrites (nom, pr\u00e9nom, fonction, t\u00e9l\u00e9phone, entreprise, adresse mail et message), nous permettent de vous re-contacter et de r\u00e9pondre \u00e0 vos demandes. Les informations recueillies sur le formulaire sont recueillies par Infiniment Luxe pour la gestion de [&hellip;]<\/p>\n","protected":false},"author":2,"featured_media":0,"parent":0,"menu_order":0,"comment_status":"closed","ping_status":"closed","template":"","meta":{"_acf_changed":false,"footnotes":""},"class_list":["post-956","page","type-page","status-publish","hentry"],"acf":[],"yoast_head":"<!-- This site is optimized with the Yoast SEO plugin v26.8 - https:\/\/yoast.com\/product\/yoast-seo-wordpress\/ -->\n<title>Politique de confidentialit\u00e9 - infiniment luxe<\/title>\n<meta name=\"robots\" content=\"index, follow, max-snippet:-1, max-image-preview:large, max-video-preview:-1\" \/>\n<link rel=\"canonical\" href=\"https:\/\/www.infiniment-luxe.com\/politique-de-confidentialite\/\" \/>\n<meta property=\"og:locale\" content=\"fr_FR\" \/>\n<meta property=\"og:type\" content=\"article\" \/>\n<meta property=\"og:title\" content=\"Politique de confidentialit\u00e9 - infiniment luxe\" \/>\n<meta property=\"og:description\" content=\"Utilisation des donn\u00e9es personnelles collect\u00e9es Formulaire de contact Lorsque vous nous \u00e9crivez via le formulaire de contact, les donn\u00e9es inscrites (nom, pr\u00e9nom, fonction, t\u00e9l\u00e9phone, entreprise, adresse mail et message), nous permettent de vous re-contacter et de r\u00e9pondre \u00e0 vos demandes. Les informations recueillies sur le formulaire sont recueillies par Infiniment Luxe pour la gestion de [&hellip;]\" \/>\n<meta property=\"og:url\" content=\"https:\/\/www.infiniment-luxe.com\/politique-de-confidentialite\/\" \/>\n<meta property=\"og:site_name\" content=\"infiniment luxe\" \/>\n<meta property=\"article:modified_time\" content=\"2020-03-26T11:22:28+00:00\" \/>\n<meta name=\"twitter:card\" content=\"summary_large_image\" \/>\n<meta name=\"twitter:label1\" content=\"Dur\u00e9e de lecture estim\u00e9e\" \/>\n\t<meta name=\"twitter:data1\" content=\"4 minutes\" \/>\n<script type=\"application\/ld+json\" class=\"yoast-schema-graph\">{\"@context\":\"https:\/\/schema.org\",\"@graph\":[{\"@type\":\"WebPage\",\"@id\":\"https:\/\/www.infiniment-luxe.com\/politique-de-confidentialite\/\",\"url\":\"https:\/\/www.infiniment-luxe.com\/politique-de-confidentialite\/\",\"name\":\"Politique de confidentialit\u00e9 - infiniment luxe\",\"isPartOf\":{\"@id\":\"https:\/\/www.infiniment-luxe.com\/fr\/#website\"},\"datePublished\":\"2020-03-26T11:04:42+00:00\",\"dateModified\":\"2020-03-26T11:22:28+00:00\",\"breadcrumb\":{\"@id\":\"https:\/\/www.infiniment-luxe.com\/politique-de-confidentialite\/#breadcrumb\"},\"inLanguage\":\"fr-FR\",\"potentialAction\":[{\"@type\":\"ReadAction\",\"target\":[\"https:\/\/www.infiniment-luxe.com\/politique-de-confidentialite\/\"]}]},{\"@type\":\"BreadcrumbList\",\"@id\":\"https:\/\/www.infiniment-luxe.com\/politique-de-confidentialite\/#breadcrumb\",\"itemListElement\":[{\"@type\":\"ListItem\",\"position\":1,\"name\":\"Accueil\",\"item\":\"https:\/\/www.infiniment-luxe.com\/en\/\"},{\"@type\":\"ListItem\",\"position\":2,\"name\":\"Politique de confidentialit\u00e9\"}]},{\"@type\":\"WebSite\",\"@id\":\"https:\/\/www.infiniment-luxe.com\/fr\/#website\",\"url\":\"https:\/\/www.infiniment-luxe.com\/fr\/\",\"name\":\"infiniment luxe\",\"description\":\"La quintessence de l\u2019artisanat auvergnat.\",\"potentialAction\":[{\"@type\":\"SearchAction\",\"target\":{\"@type\":\"EntryPoint\",\"urlTemplate\":\"https:\/\/www.infiniment-luxe.com\/fr\/?s={search_term_string}\"},\"query-input\":{\"@type\":\"PropertyValueSpecification\",\"valueRequired\":true,\"valueName\":\"search_term_string\"}}],\"inLanguage\":\"fr-FR\"}]}<\/script>\n<!-- \/ Yoast SEO plugin. -->","yoast_head_json":{"title":"Politique de confidentialit\u00e9 - infiniment luxe","robots":{"index":"index","follow":"follow","max-snippet":"max-snippet:-1","max-image-preview":"max-image-preview:large","max-video-preview":"max-video-preview:-1"},"canonical":"https:\/\/www.infiniment-luxe.com\/politique-de-confidentialite\/","og_locale":"fr_FR","og_type":"article","og_title":"Politique de confidentialit\u00e9 - infiniment luxe","og_description":"Utilisation des donn\u00e9es personnelles collect\u00e9es Formulaire de contact Lorsque vous nous \u00e9crivez via le formulaire de contact, les donn\u00e9es inscrites (nom, pr\u00e9nom, fonction, t\u00e9l\u00e9phone, entreprise, adresse mail et message), nous permettent de vous re-contacter et de r\u00e9pondre \u00e0 vos demandes. Les informations recueillies sur le formulaire sont recueillies par Infiniment Luxe pour la gestion de [&hellip;]","og_url":"https:\/\/www.infiniment-luxe.com\/politique-de-confidentialite\/","og_site_name":"infiniment luxe","article_modified_time":"2020-03-26T11:22:28+00:00","twitter_card":"summary_large_image","twitter_misc":{"Dur\u00e9e de lecture estim\u00e9e":"4 minutes"},"schema":{"@context":"https:\/\/schema.org","@graph":[{"@type":"WebPage","@id":"https:\/\/www.infiniment-luxe.com\/politique-de-confidentialite\/","url":"https:\/\/www.infiniment-luxe.com\/politique-de-confidentialite\/","name":"Politique de confidentialit\u00e9 - infiniment luxe","isPartOf":{"@id":"https:\/\/www.infiniment-luxe.com\/fr\/#website"},"datePublished":"2020-03-26T11:04:42+00:00","dateModified":"2020-03-26T11:22:28+00:00","breadcrumb":{"@id":"https:\/\/www.infiniment-luxe.com\/politique-de-confidentialite\/#breadcrumb"},"inLanguage":"fr-FR","potentialAction":[{"@type":"ReadAction","target":["https:\/\/www.infiniment-luxe.com\/politique-de-confidentialite\/"]}]},{"@type":"BreadcrumbList","@id":"https:\/\/www.infiniment-luxe.com\/politique-de-confidentialite\/#breadcrumb","itemListElement":[{"@type":"ListItem","position":1,"name":"Accueil","item":"https:\/\/www.infiniment-luxe.com\/en\/"},{"@type":"ListItem","position":2,"name":"Politique de confidentialit\u00e9"}]},{"@type":"WebSite","@id":"https:\/\/www.infiniment-luxe.com\/fr\/#website","url":"https:\/\/www.infiniment-luxe.com\/fr\/","name":"infiniment luxe","description":"La quintessence de l\u2019artisanat auvergnat.","potentialAction":[{"@type":"SearchAction","target":{"@type":"EntryPoint","urlTemplate":"https:\/\/www.infiniment-luxe.com\/fr\/?s={search_term_string}"},"query-input":{"@type":"PropertyValueSpecification","valueRequired":true,"valueName":"search_term_string"}}],"inLanguage":"fr-FR"}]}},"_links":{"self":[{"href":"https:\/\/www.infiniment-luxe.com\/fr\/wp-json\/wp\/v2\/pages\/956","targetHints":{"allow":["GET"]}}],"collection":[{"href":"https:\/\/www.infiniment-luxe.com\/fr\/wp-json\/wp\/v2\/pages"}],"about":[{"href":"https:\/\/www.infiniment-luxe.com\/fr\/wp-json\/wp\/v2\/types\/page"}],"author":[{"embeddable":true,"href":"https:\/\/www.infiniment-luxe.com\/fr\/wp-json\/wp\/v2\/users\/2"}],"replies":[{"embeddable":true,"href":"https:\/\/www.infiniment-luxe.com\/fr\/wp-json\/wp\/v2\/comments?post=956"}],"version-history":[{"count":8,"href":"https:\/\/www.infiniment-luxe.com\/fr\/wp-json\/wp\/v2\/pages\/956\/revisions"}],"predecessor-version":[{"id":965,"href":"https:\/\/www.infiniment-luxe.com\/fr\/wp-json\/wp\/v2\/pages\/956\/revisions\/965"}],"wp:attachment":[{"href":"https:\/\/www.infiniment-luxe.com\/fr\/wp-json\/wp\/v2\/media?parent=956"}],"curies":[{"name":"wp","href":"https:\/\/api.w.org\/{rel}","templated":true}]}}