{"id":795,"date":"2019-05-22T13:03:11","date_gmt":"2019-05-22T12:03:11","guid":{"rendered":"https:\/\/www.infiniment-luxe.com\/?page_id=795"},"modified":"2019-05-27T10:45:46","modified_gmt":"2019-05-27T09:45:46","slug":"image-manufacture-contemporaine-bois-corian","status":"publish","type":"page","link":"https:\/\/www.infiniment-luxe.com\/fr\/image-manufacture-contemporaine-bois-corian\/","title":{"rendered":"IMAGE"},"content":{"rendered":"<p>Depuis 1983, IMAGE Bois et Corian\u00ae, entreprise du patrimoine vivant, accompagne architectes, d\u00e9corateurs, agenceurs et designers de renom dans leurs projets de haute facture. Le luxe et le haut de gamme sont le quotidien des 30 compagnons de la manufacture, experts de la transformation du Corian\u00ae et du bois.<\/p>\n<p>IMAGE est une soci\u00e9t\u00e9 hybride : \u00e0 la fois \u00e9b\u00e9nisterie et transformateur de solid surface. Ce savoir-faire unique la place parmi les meilleurs dans la r\u00e9alisation de projets exceptionnels et techniques en France et \u00e0 l\u2019\u00e9tranger. Qu\u2019il s\u2019agisse de palaces, r\u00e9sidences de luxe ou d\u2019h\u00f4tellerie haut de gamme, IMAGE est le partenaire des acteurs du bel ouvrage pour une client\u00e8le professionnelle ou priv\u00e9e.<\/p>\n<p>Membre du Quality Network de <em>Dupont de Nemours<\/em>, cr\u00e9ateur du Corian\u00ae, nous sommes votre interlocuteur privil\u00e9gi\u00e9 en tant que transformateur agr\u00e9\u00e9. Ce label vous assure un haut niveau de finition et une qualit\u00e9 de service de premier plan. Leader fran\u00e7ais, nous concevons des solutions innovantes et belles pour l\u2019int\u00e9rieur et l\u2019ext\u00e9rieur du b\u00e2timent (agencement, sanitaire, fa\u00e7ade et d\u00e9coration).<\/p>\n","protected":false},"excerpt":{"rendered":"<p>Depuis 1983, IMAGE Bois et Corian\u00ae, entreprise du patrimoine vivant, accompagne architectes, d\u00e9corateurs, agenceurs et designers de renom dans leurs projets de haute facture. Le luxe et le haut de gamme sont le quotidien des 30 compagnons de la manufacture, experts de la transformation du Corian\u00ae et du bois. IMAGE est une soci\u00e9t\u00e9 hybride : [&hellip;]<\/p>\n","protected":false},"author":2,"featured_media":811,"parent":0,"menu_order":0,"comment_status":"closed","ping_status":"closed","template":"","meta":{"_acf_changed":false,"footnotes":""},"class_list":["post-795","page","type-page","status-publish","has-post-thumbnail","hentry"],"acf":[],"yoast_head":"<!-- This site is optimized with the Yoast SEO plugin v26.8 - https:\/\/yoast.com\/product\/yoast-seo-wordpress\/ -->\n<title>IMAGE, la manufacture contemporaine Bois &amp; Corian \u00ae made in France<\/title>\n<meta name=\"description\" content=\"IMAGE, la manufacture contemporaine Bois &amp; Corian \u00ae, accompagne architectes, d\u00e9corateurs, agenceurs et designers de renom dans le haut de gamme et le luxe\" \/>\n<meta name=\"robots\" content=\"index, follow, max-snippet:-1, max-image-preview:large, max-video-preview:-1\" \/>\n<link rel=\"canonical\" href=\"https:\/\/www.infiniment-luxe.com\/image-manufacture-contemporaine-bois-corian\/\" \/>\n<meta property=\"og:locale\" content=\"fr_FR\" \/>\n<meta property=\"og:type\" content=\"article\" \/>\n<meta property=\"og:title\" content=\"IMAGE, la manufacture contemporaine Bois &amp; Corian \u00ae made in France\" \/>\n<meta property=\"og:description\" content=\"IMAGE, la manufacture contemporaine Bois &amp; Corian \u00ae, accompagne architectes, d\u00e9corateurs, agenceurs et designers de renom dans le haut de gamme et le luxe\" \/>\n<meta property=\"og:url\" content=\"https:\/\/www.infiniment-luxe.com\/image-manufacture-contemporaine-bois-corian\/\" \/>\n<meta property=\"og:site_name\" content=\"infiniment luxe\" \/>\n<meta property=\"article:modified_time\" content=\"2019-05-27T09:45:46+00:00\" \/>\n<meta property=\"og:image\" content=\"https:\/\/www.infiniment-luxe.com\/wp-content\/uploads\/2019\/05\/Ebenisterie-transformateur-solid-surface.jpg\" \/>\n\t<meta property=\"og:image:width\" content=\"200\" \/>\n\t<meta property=\"og:image:height\" content=\"200\" \/>\n\t<meta property=\"og:image:type\" content=\"image\/jpeg\" \/>\n<meta name=\"twitter:card\" content=\"summary_large_image\" \/>\n<meta name=\"twitter:label1\" content=\"Dur\u00e9e de lecture estim\u00e9e\" \/>\n\t<meta name=\"twitter:data1\" content=\"1 minute\" \/>\n<script type=\"application\/ld+json\" class=\"yoast-schema-graph\">{\"@context\":\"https:\/\/schema.org\",\"@graph\":[{\"@type\":\"WebPage\",\"@id\":\"https:\/\/www.infiniment-luxe.com\/image-manufacture-contemporaine-bois-corian\/\",\"url\":\"https:\/\/www.infiniment-luxe.com\/image-manufacture-contemporaine-bois-corian\/\",\"name\":\"IMAGE, la manufacture contemporaine Bois & Corian \u00ae made in France\",\"isPartOf\":{\"@id\":\"https:\/\/www.infiniment-luxe.com\/fr\/#website\"},\"primaryImageOfPage\":{\"@id\":\"https:\/\/www.infiniment-luxe.com\/image-manufacture-contemporaine-bois-corian\/#primaryimage\"},\"image\":{\"@id\":\"https:\/\/www.infiniment-luxe.com\/image-manufacture-contemporaine-bois-corian\/#primaryimage\"},\"thumbnailUrl\":\"https:\/\/www.infiniment-luxe.com\/wp-content\/uploads\/2019\/05\/Ebenisterie-transformateur-solid-surface.jpg\",\"datePublished\":\"2019-05-22T12:03:11+00:00\",\"dateModified\":\"2019-05-27T09:45:46+00:00\",\"description\":\"IMAGE, la manufacture contemporaine Bois & Corian \u00ae, accompagne architectes, d\u00e9corateurs, agenceurs et designers de renom dans le haut de gamme et le luxe\",\"breadcrumb\":{\"@id\":\"https:\/\/www.infiniment-luxe.com\/image-manufacture-contemporaine-bois-corian\/#breadcrumb\"},\"inLanguage\":\"fr-FR\",\"potentialAction\":[{\"@type\":\"ReadAction\",\"target\":[\"https:\/\/www.infiniment-luxe.com\/image-manufacture-contemporaine-bois-corian\/\"]}]},{\"@type\":\"ImageObject\",\"inLanguage\":\"fr-FR\",\"@id\":\"https:\/\/www.infiniment-luxe.com\/image-manufacture-contemporaine-bois-corian\/#primaryimage\",\"url\":\"https:\/\/www.infiniment-luxe.com\/wp-content\/uploads\/2019\/05\/Ebenisterie-transformateur-solid-surface.jpg\",\"contentUrl\":\"https:\/\/www.infiniment-luxe.com\/wp-content\/uploads\/2019\/05\/Ebenisterie-transformateur-solid-surface.jpg\",\"width\":200,\"height\":200,\"caption\":\"\u00c9b\u00e9nisterie et transformateur de solid surface\"},{\"@type\":\"BreadcrumbList\",\"@id\":\"https:\/\/www.infiniment-luxe.com\/image-manufacture-contemporaine-bois-corian\/#breadcrumb\",\"itemListElement\":[{\"@type\":\"ListItem\",\"position\":1,\"name\":\"Accueil\",\"item\":\"https:\/\/www.infiniment-luxe.com\/en\/\"},{\"@type\":\"ListItem\",\"position\":2,\"name\":\"IMAGE\"}]},{\"@type\":\"WebSite\",\"@id\":\"https:\/\/www.infiniment-luxe.com\/fr\/#website\",\"url\":\"https:\/\/www.infiniment-luxe.com\/fr\/\",\"name\":\"infiniment luxe\",\"description\":\"La quintessence de l\u2019artisanat auvergnat.\",\"potentialAction\":[{\"@type\":\"SearchAction\",\"target\":{\"@type\":\"EntryPoint\",\"urlTemplate\":\"https:\/\/www.infiniment-luxe.com\/fr\/?s={search_term_string}\"},\"query-input\":{\"@type\":\"PropertyValueSpecification\",\"valueRequired\":true,\"valueName\":\"search_term_string\"}}],\"inLanguage\":\"fr-FR\"}]}<\/script>\n<!-- \/ Yoast SEO plugin. -->","yoast_head_json":{"title":"IMAGE, la manufacture contemporaine Bois & Corian \u00ae made in France","description":"IMAGE, la manufacture contemporaine Bois & Corian \u00ae, accompagne architectes, d\u00e9corateurs, agenceurs et designers de renom dans le haut de gamme et le luxe","robots":{"index":"index","follow":"follow","max-snippet":"max-snippet:-1","max-image-preview":"max-image-preview:large","max-video-preview":"max-video-preview:-1"},"canonical":"https:\/\/www.infiniment-luxe.com\/image-manufacture-contemporaine-bois-corian\/","og_locale":"fr_FR","og_type":"article","og_title":"IMAGE, la manufacture contemporaine Bois & Corian \u00ae made in France","og_description":"IMAGE, la manufacture contemporaine Bois & Corian \u00ae, accompagne architectes, d\u00e9corateurs, agenceurs et designers de renom dans le haut de gamme et le luxe","og_url":"https:\/\/www.infiniment-luxe.com\/image-manufacture-contemporaine-bois-corian\/","og_site_name":"infiniment luxe","article_modified_time":"2019-05-27T09:45:46+00:00","og_image":[{"width":200,"height":200,"url":"https:\/\/www.infiniment-luxe.com\/wp-content\/uploads\/2019\/05\/Ebenisterie-transformateur-solid-surface.jpg","type":"image\/jpeg"}],"twitter_card":"summary_large_image","twitter_misc":{"Dur\u00e9e de lecture estim\u00e9e":"1 minute"},"schema":{"@context":"https:\/\/schema.org","@graph":[{"@type":"WebPage","@id":"https:\/\/www.infiniment-luxe.com\/image-manufacture-contemporaine-bois-corian\/","url":"https:\/\/www.infiniment-luxe.com\/image-manufacture-contemporaine-bois-corian\/","name":"IMAGE, la manufacture contemporaine Bois & Corian \u00ae made in France","isPartOf":{"@id":"https:\/\/www.infiniment-luxe.com\/fr\/#website"},"primaryImageOfPage":{"@id":"https:\/\/www.infiniment-luxe.com\/image-manufacture-contemporaine-bois-corian\/#primaryimage"},"image":{"@id":"https:\/\/www.infiniment-luxe.com\/image-manufacture-contemporaine-bois-corian\/#primaryimage"},"thumbnailUrl":"https:\/\/www.infiniment-luxe.com\/wp-content\/uploads\/2019\/05\/Ebenisterie-transformateur-solid-surface.jpg","datePublished":"2019-05-22T12:03:11+00:00","dateModified":"2019-05-27T09:45:46+00:00","description":"IMAGE, la manufacture contemporaine Bois & Corian \u00ae, accompagne architectes, d\u00e9corateurs, agenceurs et designers de renom dans le haut de gamme et le luxe","breadcrumb":{"@id":"https:\/\/www.infiniment-luxe.com\/image-manufacture-contemporaine-bois-corian\/#breadcrumb"},"inLanguage":"fr-FR","potentialAction":[{"@type":"ReadAction","target":["https:\/\/www.infiniment-luxe.com\/image-manufacture-contemporaine-bois-corian\/"]}]},{"@type":"ImageObject","inLanguage":"fr-FR","@id":"https:\/\/www.infiniment-luxe.com\/image-manufacture-contemporaine-bois-corian\/#primaryimage","url":"https:\/\/www.infiniment-luxe.com\/wp-content\/uploads\/2019\/05\/Ebenisterie-transformateur-solid-surface.jpg","contentUrl":"https:\/\/www.infiniment-luxe.com\/wp-content\/uploads\/2019\/05\/Ebenisterie-transformateur-solid-surface.jpg","width":200,"height":200,"caption":"\u00c9b\u00e9nisterie et transformateur de solid surface"},{"@type":"BreadcrumbList","@id":"https:\/\/www.infiniment-luxe.com\/image-manufacture-contemporaine-bois-corian\/#breadcrumb","itemListElement":[{"@type":"ListItem","position":1,"name":"Accueil","item":"https:\/\/www.infiniment-luxe.com\/en\/"},{"@type":"ListItem","position":2,"name":"IMAGE"}]},{"@type":"WebSite","@id":"https:\/\/www.infiniment-luxe.com\/fr\/#website","url":"https:\/\/www.infiniment-luxe.com\/fr\/","name":"infiniment luxe","description":"La quintessence de l\u2019artisanat auvergnat.","potentialAction":[{"@type":"SearchAction","target":{"@type":"EntryPoint","urlTemplate":"https:\/\/www.infiniment-luxe.com\/fr\/?s={search_term_string}"},"query-input":{"@type":"PropertyValueSpecification","valueRequired":true,"valueName":"search_term_string"}}],"inLanguage":"fr-FR"}]}},"_links":{"self":[{"href":"https:\/\/www.infiniment-luxe.com\/fr\/wp-json\/wp\/v2\/pages\/795","targetHints":{"allow":["GET"]}}],"collection":[{"href":"https:\/\/www.infiniment-luxe.com\/fr\/wp-json\/wp\/v2\/pages"}],"about":[{"href":"https:\/\/www.infiniment-luxe.com\/fr\/wp-json\/wp\/v2\/types\/page"}],"author":[{"embeddable":true,"href":"https:\/\/www.infiniment-luxe.com\/fr\/wp-json\/wp\/v2\/users\/2"}],"replies":[{"embeddable":true,"href":"https:\/\/www.infiniment-luxe.com\/fr\/wp-json\/wp\/v2\/comments?post=795"}],"version-history":[{"count":8,"href":"https:\/\/www.infiniment-luxe.com\/fr\/wp-json\/wp\/v2\/pages\/795\/revisions"}],"predecessor-version":[{"id":828,"href":"https:\/\/www.infiniment-luxe.com\/fr\/wp-json\/wp\/v2\/pages\/795\/revisions\/828"}],"wp:featuredmedia":[{"embeddable":true,"href":"https:\/\/www.infiniment-luxe.com\/fr\/wp-json\/wp\/v2\/media\/811"}],"wp:attachment":[{"href":"https:\/\/www.infiniment-luxe.com\/fr\/wp-json\/wp\/v2\/media?parent=795"}],"curies":[{"name":"wp","href":"https:\/\/api.w.org\/{rel}","templated":true}]}}