{"id":650,"date":"2018-04-25T13:08:46","date_gmt":"2018-04-25T12:08:46","guid":{"rendered":"https:\/\/www.infiniment-luxe.com\/?page_id=650"},"modified":"2018-04-26T15:50:28","modified_gmt":"2018-04-26T14:50:28","slug":"bronze-art-francais","status":"publish","type":"page","link":"https:\/\/www.infiniment-luxe.com\/fr\/bronze-art-francais\/","title":{"rendered":"Bronze d\u2019Art fran\u00e7ais"},"content":{"rendered":"<p>\u00ab Bronze d\u2019Art Fran\u00e7ais \u00bb est une soci\u00e9t\u00e9 artisanale de\u00a0<strong>reproduction de pi\u00e8ces anciennes haut de gamme \u00e0 l\u2019identique<\/strong>.<\/p>\n<p><strong>Depuis trois g\u00e9n\u00e9rations et plus de 50 ans d\u2019existence<\/strong>, Bronze d\u2019Art Fran\u00e7ais reproduit fid\u00e8lement appliques, lustres, flambeaux, lampes et autres mobiliers des si\u00e8cles pass\u00e9s gr\u00e2ce \u00e0 un savoir-faire h\u00e9rit\u00e9 des traditions anciennes et sans cesse renouvel\u00e9 par les compagnons bronziers et ciseleurs avec pour objectif l\u2019ouverture de lignes contemporaines.<\/p>\n<p>Diff\u00e9rentes techniques de reproduction de pi\u00e8ces anciennes se sont transmises de g\u00e9n\u00e9ration en g\u00e9n\u00e9ration, comme la fonte \u00e0 cire perdue qui permet au Bronze d\u2019Art de reproduire fid\u00e8lement les pi\u00e8ces les plus d\u00e9taill\u00e9es, compl\u00e9t\u00e9es par des techniques de modelage tel que l\u2019\u00e9barbage, l\u2019affinage, la ciselure.<\/p>\n<p>En plus de sa vaste collection d\u00e9velopp\u00e9e au long de son demi-si\u00e8cle d\u2019existence, Bronze d\u2019Art Fran\u00e7ais dispose d\u2019un bureau d\u2019\u00e9tudes mis \u00e0 disposition de d\u00e9corateurs et architectes qui permet, \u00e0 partir d\u2019un simple dessin ou photographie, de reproduire ou m\u00eame de cr\u00e9er de nouveaux mod\u00e8les.<br \/>\nLe caract\u00e8re artisanal de notre entreprise nous permet \u00e9galement de r\u00e9pondre \u00e0 des demandes tr\u00e8s sp\u00e9cifiques en termes de dimensions, structure et finitions, comme l\u2019or fin, l\u2019or fin patin\u00e9, l\u2019argent brillant\/nickel, le vieil argent, le bronze m\u00e9daille, le poli verni, le vieux bronze, le canon de fusil et le vieil or.<\/p>\n","protected":false},"excerpt":{"rendered":"<p>\u00ab Bronze d\u2019Art Fran\u00e7ais \u00bb est une soci\u00e9t\u00e9 artisanale de\u00a0reproduction de pi\u00e8ces anciennes haut de gamme \u00e0 l\u2019identique. Depuis trois g\u00e9n\u00e9rations et plus de 50 ans d\u2019existence, Bronze d\u2019Art Fran\u00e7ais reproduit fid\u00e8lement appliques, lustres, flambeaux, lampes et autres mobiliers des si\u00e8cles pass\u00e9s gr\u00e2ce \u00e0 un savoir-faire h\u00e9rit\u00e9 des traditions anciennes et sans cesse renouvel\u00e9 par [&hellip;]<\/p>\n","protected":false},"author":2,"featured_media":657,"parent":0,"menu_order":0,"comment_status":"closed","ping_status":"closed","template":"","meta":{"_acf_changed":false,"footnotes":""},"class_list":["post-650","page","type-page","status-publish","has-post-thumbnail","hentry"],"acf":[],"yoast_head":"<!-- This site is optimized with the Yoast SEO plugin v26.8 - https:\/\/yoast.com\/product\/yoast-seo-wordpress\/ -->\n<title>Reproduction de pi\u00e8ces anciennes haut de gamme \u00e0 l\u2019identique - infiniment luxe<\/title>\n<meta name=\"description\" content=\"Bronze d\u2019Art Fran\u00e7ais est le sp\u00e9cialiste de la reproduction de pi\u00e8ces anciennes haut de gamme dont appliques, lustres, flambeaux, lampes et autres mobiliers\" \/>\n<meta name=\"robots\" content=\"index, follow, max-snippet:-1, max-image-preview:large, max-video-preview:-1\" \/>\n<link rel=\"canonical\" href=\"https:\/\/www.infiniment-luxe.com\/bronze-art-francais\/\" \/>\n<meta property=\"og:locale\" content=\"fr_FR\" \/>\n<meta property=\"og:type\" content=\"article\" \/>\n<meta property=\"og:title\" content=\"Reproduction de pi\u00e8ces anciennes haut de gamme \u00e0 l\u2019identique - infiniment luxe\" \/>\n<meta property=\"og:description\" content=\"Bronze d\u2019Art Fran\u00e7ais est le sp\u00e9cialiste de la reproduction de pi\u00e8ces anciennes haut de gamme dont appliques, lustres, flambeaux, lampes et autres mobiliers\" \/>\n<meta property=\"og:url\" content=\"https:\/\/www.infiniment-luxe.com\/bronze-art-francais\/\" \/>\n<meta property=\"og:site_name\" content=\"infiniment luxe\" \/>\n<meta property=\"article:modified_time\" content=\"2018-04-26T14:50:28+00:00\" \/>\n<meta property=\"og:image\" content=\"https:\/\/www.infiniment-luxe.com\/wp-content\/uploads\/2018\/04\/reproduction-lustres-historique-haut-gamme.jpg\" \/>\n\t<meta property=\"og:image:width\" content=\"200\" \/>\n\t<meta property=\"og:image:height\" content=\"200\" \/>\n\t<meta property=\"og:image:type\" content=\"image\/jpeg\" \/>\n<meta name=\"twitter:card\" content=\"summary_large_image\" \/>\n<meta name=\"twitter:label1\" content=\"Dur\u00e9e de lecture estim\u00e9e\" \/>\n\t<meta name=\"twitter:data1\" content=\"1 minute\" \/>\n<script type=\"application\/ld+json\" class=\"yoast-schema-graph\">{\"@context\":\"https:\/\/schema.org\",\"@graph\":[{\"@type\":\"WebPage\",\"@id\":\"https:\/\/www.infiniment-luxe.com\/bronze-art-francais\/\",\"url\":\"https:\/\/www.infiniment-luxe.com\/bronze-art-francais\/\",\"name\":\"Reproduction de pi\u00e8ces anciennes haut de gamme \u00e0 l\u2019identique - infiniment luxe\",\"isPartOf\":{\"@id\":\"https:\/\/www.infiniment-luxe.com\/fr\/#website\"},\"primaryImageOfPage\":{\"@id\":\"https:\/\/www.infiniment-luxe.com\/bronze-art-francais\/#primaryimage\"},\"image\":{\"@id\":\"https:\/\/www.infiniment-luxe.com\/bronze-art-francais\/#primaryimage\"},\"thumbnailUrl\":\"https:\/\/www.infiniment-luxe.com\/wp-content\/uploads\/2018\/04\/reproduction-lustres-historique-haut-gamme.jpg\",\"datePublished\":\"2018-04-25T12:08:46+00:00\",\"dateModified\":\"2018-04-26T14:50:28+00:00\",\"description\":\"Bronze d\u2019Art Fran\u00e7ais est le sp\u00e9cialiste de la reproduction de pi\u00e8ces anciennes haut de gamme dont appliques, lustres, flambeaux, lampes et autres mobiliers\",\"breadcrumb\":{\"@id\":\"https:\/\/www.infiniment-luxe.com\/bronze-art-francais\/#breadcrumb\"},\"inLanguage\":\"fr-FR\",\"potentialAction\":[{\"@type\":\"ReadAction\",\"target\":[\"https:\/\/www.infiniment-luxe.com\/bronze-art-francais\/\"]}]},{\"@type\":\"ImageObject\",\"inLanguage\":\"fr-FR\",\"@id\":\"https:\/\/www.infiniment-luxe.com\/bronze-art-francais\/#primaryimage\",\"url\":\"https:\/\/www.infiniment-luxe.com\/wp-content\/uploads\/2018\/04\/reproduction-lustres-historique-haut-gamme.jpg\",\"contentUrl\":\"https:\/\/www.infiniment-luxe.com\/wp-content\/uploads\/2018\/04\/reproduction-lustres-historique-haut-gamme.jpg\",\"width\":200,\"height\":200,\"caption\":\"Reproduction de lustres historiques haut de gamme\"},{\"@type\":\"BreadcrumbList\",\"@id\":\"https:\/\/www.infiniment-luxe.com\/bronze-art-francais\/#breadcrumb\",\"itemListElement\":[{\"@type\":\"ListItem\",\"position\":1,\"name\":\"Accueil\",\"item\":\"https:\/\/www.infiniment-luxe.com\/en\/\"},{\"@type\":\"ListItem\",\"position\":2,\"name\":\"Bronze d\u2019Art fran\u00e7ais\"}]},{\"@type\":\"WebSite\",\"@id\":\"https:\/\/www.infiniment-luxe.com\/fr\/#website\",\"url\":\"https:\/\/www.infiniment-luxe.com\/fr\/\",\"name\":\"infiniment luxe\",\"description\":\"La quintessence de l\u2019artisanat auvergnat.\",\"potentialAction\":[{\"@type\":\"SearchAction\",\"target\":{\"@type\":\"EntryPoint\",\"urlTemplate\":\"https:\/\/www.infiniment-luxe.com\/fr\/?s={search_term_string}\"},\"query-input\":{\"@type\":\"PropertyValueSpecification\",\"valueRequired\":true,\"valueName\":\"search_term_string\"}}],\"inLanguage\":\"fr-FR\"}]}<\/script>\n<!-- \/ Yoast SEO plugin. -->","yoast_head_json":{"title":"Reproduction de pi\u00e8ces anciennes haut de gamme \u00e0 l\u2019identique - infiniment luxe","description":"Bronze d\u2019Art Fran\u00e7ais est le sp\u00e9cialiste de la reproduction de pi\u00e8ces anciennes haut de gamme dont appliques, lustres, flambeaux, lampes et autres mobiliers","robots":{"index":"index","follow":"follow","max-snippet":"max-snippet:-1","max-image-preview":"max-image-preview:large","max-video-preview":"max-video-preview:-1"},"canonical":"https:\/\/www.infiniment-luxe.com\/bronze-art-francais\/","og_locale":"fr_FR","og_type":"article","og_title":"Reproduction de pi\u00e8ces anciennes haut de gamme \u00e0 l\u2019identique - infiniment luxe","og_description":"Bronze d\u2019Art Fran\u00e7ais est le sp\u00e9cialiste de la reproduction de pi\u00e8ces anciennes haut de gamme dont appliques, lustres, flambeaux, lampes et autres mobiliers","og_url":"https:\/\/www.infiniment-luxe.com\/bronze-art-francais\/","og_site_name":"infiniment luxe","article_modified_time":"2018-04-26T14:50:28+00:00","og_image":[{"width":200,"height":200,"url":"https:\/\/www.infiniment-luxe.com\/wp-content\/uploads\/2018\/04\/reproduction-lustres-historique-haut-gamme.jpg","type":"image\/jpeg"}],"twitter_card":"summary_large_image","twitter_misc":{"Dur\u00e9e de lecture estim\u00e9e":"1 minute"},"schema":{"@context":"https:\/\/schema.org","@graph":[{"@type":"WebPage","@id":"https:\/\/www.infiniment-luxe.com\/bronze-art-francais\/","url":"https:\/\/www.infiniment-luxe.com\/bronze-art-francais\/","name":"Reproduction de pi\u00e8ces anciennes haut de gamme \u00e0 l\u2019identique - infiniment luxe","isPartOf":{"@id":"https:\/\/www.infiniment-luxe.com\/fr\/#website"},"primaryImageOfPage":{"@id":"https:\/\/www.infiniment-luxe.com\/bronze-art-francais\/#primaryimage"},"image":{"@id":"https:\/\/www.infiniment-luxe.com\/bronze-art-francais\/#primaryimage"},"thumbnailUrl":"https:\/\/www.infiniment-luxe.com\/wp-content\/uploads\/2018\/04\/reproduction-lustres-historique-haut-gamme.jpg","datePublished":"2018-04-25T12:08:46+00:00","dateModified":"2018-04-26T14:50:28+00:00","description":"Bronze d\u2019Art Fran\u00e7ais est le sp\u00e9cialiste de la reproduction de pi\u00e8ces anciennes haut de gamme dont appliques, lustres, flambeaux, lampes et autres mobiliers","breadcrumb":{"@id":"https:\/\/www.infiniment-luxe.com\/bronze-art-francais\/#breadcrumb"},"inLanguage":"fr-FR","potentialAction":[{"@type":"ReadAction","target":["https:\/\/www.infiniment-luxe.com\/bronze-art-francais\/"]}]},{"@type":"ImageObject","inLanguage":"fr-FR","@id":"https:\/\/www.infiniment-luxe.com\/bronze-art-francais\/#primaryimage","url":"https:\/\/www.infiniment-luxe.com\/wp-content\/uploads\/2018\/04\/reproduction-lustres-historique-haut-gamme.jpg","contentUrl":"https:\/\/www.infiniment-luxe.com\/wp-content\/uploads\/2018\/04\/reproduction-lustres-historique-haut-gamme.jpg","width":200,"height":200,"caption":"Reproduction de lustres historiques haut de gamme"},{"@type":"BreadcrumbList","@id":"https:\/\/www.infiniment-luxe.com\/bronze-art-francais\/#breadcrumb","itemListElement":[{"@type":"ListItem","position":1,"name":"Accueil","item":"https:\/\/www.infiniment-luxe.com\/en\/"},{"@type":"ListItem","position":2,"name":"Bronze d\u2019Art fran\u00e7ais"}]},{"@type":"WebSite","@id":"https:\/\/www.infiniment-luxe.com\/fr\/#website","url":"https:\/\/www.infiniment-luxe.com\/fr\/","name":"infiniment luxe","description":"La quintessence de l\u2019artisanat auvergnat.","potentialAction":[{"@type":"SearchAction","target":{"@type":"EntryPoint","urlTemplate":"https:\/\/www.infiniment-luxe.com\/fr\/?s={search_term_string}"},"query-input":{"@type":"PropertyValueSpecification","valueRequired":true,"valueName":"search_term_string"}}],"inLanguage":"fr-FR"}]}},"_links":{"self":[{"href":"https:\/\/www.infiniment-luxe.com\/fr\/wp-json\/wp\/v2\/pages\/650","targetHints":{"allow":["GET"]}}],"collection":[{"href":"https:\/\/www.infiniment-luxe.com\/fr\/wp-json\/wp\/v2\/pages"}],"about":[{"href":"https:\/\/www.infiniment-luxe.com\/fr\/wp-json\/wp\/v2\/types\/page"}],"author":[{"embeddable":true,"href":"https:\/\/www.infiniment-luxe.com\/fr\/wp-json\/wp\/v2\/users\/2"}],"replies":[{"embeddable":true,"href":"https:\/\/www.infiniment-luxe.com\/fr\/wp-json\/wp\/v2\/comments?post=650"}],"version-history":[{"count":8,"href":"https:\/\/www.infiniment-luxe.com\/fr\/wp-json\/wp\/v2\/pages\/650\/revisions"}],"predecessor-version":[{"id":689,"href":"https:\/\/www.infiniment-luxe.com\/fr\/wp-json\/wp\/v2\/pages\/650\/revisions\/689"}],"wp:featuredmedia":[{"embeddable":true,"href":"https:\/\/www.infiniment-luxe.com\/fr\/wp-json\/wp\/v2\/media\/657"}],"wp:attachment":[{"href":"https:\/\/www.infiniment-luxe.com\/fr\/wp-json\/wp\/v2\/media?parent=650"}],"curies":[{"name":"wp","href":"https:\/\/api.w.org\/{rel}","templated":true}]}}