{"id":21,"date":"2015-09-29T03:14:44","date_gmt":"2015-09-29T02:14:44","guid":{"rendered":"http:\/\/infinimemp.cluster005.ovh.net\/\/?page_id=21"},"modified":"2024-10-08T06:17:28","modified_gmt":"2024-10-08T05:17:28","slug":"concept-infiniment-luxe","status":"publish","type":"page","link":"https:\/\/www.infiniment-luxe.com\/fr\/concept-infiniment-luxe\/","title":{"rendered":"Infiniment Luxe"},"content":{"rendered":"\n<blockquote class=\"wp-block-quote is-layout-flow wp-block-quote-is-layout-flow\">\n<p>INFINIMENT LUXE est une association cr\u00e9\u00e9e en 2015 regroupant des savoir-faire d\u2019excellence dans le domaine de l\u2019am\u00e9nagement des espaces de vie.<\/p>\n\n\n\n<p>Son objectif est de proposer un point de contact unique pour des r\u00e9ponses coordonn\u00e9es lors de projets d\u2019envergure dans des \u00e9tablissements de luxe ou de prestige en France et \u00e0 l\u2019international.<\/p>\n\n\n\n<p>La s\u00e9lectivit\u00e9 appliqu\u00e9e lors de l\u2019adh\u00e9sion permet de garantir un niveau de qualit\u00e9 de fabrication et de service exemplaires de tous nos adh\u00e9rents.<\/p>\n\n\n\n<p>Chaque entreprise d\u2019Infiniment luxe est bas\u00e9e en Auvergne Rh\u00f4ne Alpes, et y dispose de sites de fabrication. Cette proximit\u00e9 g\u00e9ographique nous permet une collaboration renforc\u00e9e.<\/p>\n\n\n\n<p>Les synergies que nous mettons en oeuvre permettent de stimuler notre capacit\u00e9 d\u2019adaptation et d\u2019innovation avec des solutions techniques et fonctionnelles toujours plus performantes sur les savoir-faire que nous couvrons.<\/p>\n<\/blockquote>\n\n\n\n<div class=\"wp-block-columns is-layout-flex wp-container-core-columns-is-layout-1 wp-block-columns-is-layout-flex\">\n<div class=\"wp-block-column is-layout-flow wp-block-column-is-layout-flow\">\n<figure class=\"wp-block-image\"><a href=\"https:\/\/www.infiniment-luxe.com\/wp-content\/uploads\/2015\/09\/Equipe-infiniment-luxe.jpg\"><img loading=\"lazy\" decoding=\"async\" width=\"1024\" height=\"598\" src=\"https:\/\/www.infiniment-luxe.com\/wp-content\/uploads\/2015\/09\/Equipe-infiniment-luxe-1024x598.jpg\" alt=\"\" class=\"wp-image-1110\" srcset=\"https:\/\/www.infiniment-luxe.com\/wp-content\/uploads\/2015\/09\/Equipe-infiniment-luxe-1024x598.jpg 1024w, https:\/\/www.infiniment-luxe.com\/wp-content\/uploads\/2015\/09\/Equipe-infiniment-luxe-300x175.jpg 300w, https:\/\/www.infiniment-luxe.com\/wp-content\/uploads\/2015\/09\/Equipe-infiniment-luxe-768x449.jpg 768w, https:\/\/www.infiniment-luxe.com\/wp-content\/uploads\/2015\/09\/Equipe-infiniment-luxe.jpg 1873w\" sizes=\"auto, (max-width: 1024px) 100vw, 1024px\" \/><\/a><figcaption class=\"wp-element-caption\"><strong>Showroom \u00e9ph\u00e9m\u00e8re Infiniment Luxe \u2013 Paris &#8211; 2019<br><\/strong>De gauche \u00e0 droite\u00a0:<br>Kevin et Fran\u00e7ois St Joanis (Alain Saint-Joanis), Pierre Peycelon (Bronze d\u2019Art Fran\u00e7ais), Jacques Rayet (Pouenat), Geoffroy Millet ( D\u2019Ennery confection), Fran\u00e7ois Pourraud (ex Louis Geneste), Claudine Dozorme (Coutellerie Dozorme), Isabelle Vray Echinard (Class H\u00f4tel), Martin Berger (Martin Berger), Amandine Fayet (Cannes Fayet), Renaud Caillat (les Deux Ponts), Philippe Allemand (Atelier Philippe Allemand),\u00a0Fran\u00e7ois Leprince (Cabiria), Bruno Pradier (Menuisiers et compagnons), Philippe Rabane (Hugues Rambert)<\/figcaption><\/figure>\n<\/div>\n<\/div>\n\n\n\n<div style=\"height:40px\" aria-hidden=\"true\" class=\"wp-block-spacer\"><\/div>\n\n\n\n<figure class=\"wp-block-image is-resized alignnone wp-image-1117\"><img loading=\"lazy\" decoding=\"async\" width=\"768\" height=\"1024\" src=\"https:\/\/www.infiniment-luxe.com\/wp-content\/uploads\/2015\/09\/Lampe-infiniment-luxe-768x1024.jpg\" alt=\"Lampe \u00ab\u00a0Infiniment Luxe\u00a0\u00bb cr\u00e9\u00e9e en collaboration par Atelier Philippe Allemand, \u00e9b\u00e9nisterie et marqueterie, Hugues Rambert, abat-jours, et Bronze d\u2019Art Fran\u00e7ais, bronzier d\u2019art\" class=\"wp-image-1117\" style=\"width:300px\" srcset=\"https:\/\/www.infiniment-luxe.com\/wp-content\/uploads\/2015\/09\/Lampe-infiniment-luxe-768x1024.jpg 768w, https:\/\/www.infiniment-luxe.com\/wp-content\/uploads\/2015\/09\/Lampe-infiniment-luxe-225x300.jpg 225w, https:\/\/www.infiniment-luxe.com\/wp-content\/uploads\/2015\/09\/Lampe-infiniment-luxe.jpg 1000w\" sizes=\"auto, (max-width: 768px) 100vw, 768px\" \/><figcaption class=\"wp-element-caption\">Lampe \u00ab&nbsp;Infiniment Luxe&nbsp;\u00bb cr\u00e9\u00e9e en collaboration par Atelier Philippe Allemand, \u00e9b\u00e9nisterie et marqueterie, Hugues Rambert, abat-jours, et Bronze d\u2019Art Fran\u00e7ais, bronzier d\u2019art<\/figcaption><\/figure>\n\n\n\n<div style=\"height:40px\" aria-hidden=\"true\" class=\"wp-block-spacer\"><\/div>\n\n\n\n<div class=\"wp-block-columns is-layout-flex wp-container-core-columns-is-layout-2 wp-block-columns-is-layout-flex\">\n<div class=\"wp-block-column is-layout-flow wp-block-column-is-layout-flow\">\n<figure class=\"wp-block-image size-full\"><a href=\"https:\/\/www.infiniment-luxe.com\/wp-content\/uploads\/2015\/09\/Showroom-ephemere-Infiniment-Luxe.jpg\"><img loading=\"lazy\" decoding=\"async\" width=\"300\" height=\"225\" src=\"https:\/\/www.infiniment-luxe.com\/wp-content\/uploads\/2015\/09\/Showroom-ephemere-Infiniment-Luxe.jpg\" alt=\"\" class=\"wp-image-1130\"\/><\/a><figcaption class=\"wp-element-caption\">Showroom \u00e9ph\u00e9m\u00e8re Infiniment Luxe et Comit\u00e9 Bellecour &#8211; Ambassade France \u00e0 Berne &#8211; juin 2024<\/figcaption><\/figure>\n<\/div>\n\n\n\n<div class=\"wp-block-column is-layout-flow wp-block-column-is-layout-flow\">\n<figure class=\"wp-block-image size-full\"><a href=\"https:\/\/www.infiniment-luxe.com\/wp-content\/uploads\/2015\/09\/Showroom-ephemere-Infiniment-Luxe-Paris-janvier-2020.jpg\"><img loading=\"lazy\" decoding=\"async\" width=\"300\" height=\"225\" src=\"https:\/\/www.infiniment-luxe.com\/wp-content\/uploads\/2015\/09\/Showroom-ephemere-Infiniment-Luxe-Paris-janvier-2020.jpg\" alt=\"\" class=\"wp-image-1129\"\/><\/a><figcaption class=\"wp-element-caption\">Showroom \u00e9ph\u00e9m\u00e8re Infiniment Luxe &#8211; Paris &#8211; janvier 2020<\/figcaption><\/figure>\n<\/div>\n\n\n\n<div class=\"wp-block-column is-layout-flow wp-block-column-is-layout-flow\">\n<figure class=\"wp-block-image size-full\"><a href=\"https:\/\/www.infiniment-luxe.com\/wp-content\/uploads\/2015\/09\/Showroom-ephemere-Infiniment-Luxe-Comite-Bellecour.jpg\"><img loading=\"lazy\" decoding=\"async\" width=\"300\" height=\"225\" src=\"https:\/\/www.infiniment-luxe.com\/wp-content\/uploads\/2015\/09\/Showroom-ephemere-Infiniment-Luxe-Comite-Bellecour.jpg\" alt=\"\" class=\"wp-image-1128\"\/><\/a><figcaption class=\"wp-element-caption\">Showroom \u00e9ph\u00e9m\u00e8re Infiniment Luxe et Comit\u00e9 Bellecour &#8211; Ambassade France \u00e0 Berne &#8211; juin 2024<\/figcaption><\/figure>\n<\/div>\n<\/div>\n","protected":false},"excerpt":{"rendered":"<p>INFINIMENT LUXE est une association cr\u00e9\u00e9e en 2015 regroupant des savoir-faire d\u2019excellence dans le domaine de l\u2019am\u00e9nagement des espaces de vie. Son objectif est de proposer un point de contact unique pour des r\u00e9ponses coordonn\u00e9es lors de projets d\u2019envergure dans des \u00e9tablissements de luxe ou de prestige en France et \u00e0 l\u2019international. La s\u00e9lectivit\u00e9 appliqu\u00e9e [&hellip;]<\/p>\n","protected":false},"author":1,"featured_media":0,"parent":0,"menu_order":0,"comment_status":"closed","ping_status":"closed","template":"","meta":{"_acf_changed":false,"footnotes":""},"class_list":["post-21","page","type-page","status-publish","hentry"],"acf":[],"yoast_head":"<!-- This site is optimized with the Yoast SEO plugin v26.8 - https:\/\/yoast.com\/product\/yoast-seo-wordpress\/ -->\n<title>Artisanat et savoir-faire de luxe made in France<\/title>\n<meta name=\"description\" content=\"Infiniment Luxe pr\u00e9sente tout le luxe et le raffinement de l\u2019artisanat en France qui se distinguent par une alliance de professionnels d\u2019exception.\" \/>\n<meta name=\"robots\" content=\"index, follow, max-snippet:-1, max-image-preview:large, max-video-preview:-1\" \/>\n<link rel=\"canonical\" href=\"https:\/\/www.infiniment-luxe.com\/concept-infiniment-luxe\/\" \/>\n<meta property=\"og:locale\" content=\"fr_FR\" \/>\n<meta property=\"og:type\" content=\"article\" \/>\n<meta property=\"og:title\" content=\"Artisanat et savoir-faire de luxe made in France\" \/>\n<meta property=\"og:description\" content=\"Infiniment Luxe pr\u00e9sente tout le luxe et le raffinement de l\u2019artisanat en France qui se distinguent par une alliance de professionnels d\u2019exception.\" \/>\n<meta property=\"og:url\" content=\"https:\/\/www.infiniment-luxe.com\/concept-infiniment-luxe\/\" \/>\n<meta property=\"og:site_name\" content=\"infiniment luxe\" \/>\n<meta property=\"article:modified_time\" content=\"2024-10-08T05:17:28+00:00\" \/>\n<meta property=\"og:image\" content=\"https:\/\/www.infiniment-luxe.com\/wp-content\/uploads\/2015\/09\/Equipe-infiniment-luxe-1024x598.jpg\" \/>\n<meta name=\"twitter:card\" content=\"summary_large_image\" \/>\n<meta name=\"twitter:label1\" content=\"Dur\u00e9e de lecture estim\u00e9e\" \/>\n\t<meta name=\"twitter:data1\" content=\"2 minutes\" \/>\n<script type=\"application\/ld+json\" class=\"yoast-schema-graph\">{\"@context\":\"https:\/\/schema.org\",\"@graph\":[{\"@type\":\"WebPage\",\"@id\":\"https:\/\/www.infiniment-luxe.com\/concept-infiniment-luxe\/\",\"url\":\"https:\/\/www.infiniment-luxe.com\/concept-infiniment-luxe\/\",\"name\":\"Artisanat et savoir-faire de luxe made in France\",\"isPartOf\":{\"@id\":\"https:\/\/www.infiniment-luxe.com\/fr\/#website\"},\"primaryImageOfPage\":{\"@id\":\"https:\/\/www.infiniment-luxe.com\/concept-infiniment-luxe\/#primaryimage\"},\"image\":{\"@id\":\"https:\/\/www.infiniment-luxe.com\/concept-infiniment-luxe\/#primaryimage\"},\"thumbnailUrl\":\"https:\/\/www.infiniment-luxe.com\/wp-content\/uploads\/2015\/09\/Equipe-infiniment-luxe-1024x598.jpg\",\"datePublished\":\"2015-09-29T02:14:44+00:00\",\"dateModified\":\"2024-10-08T05:17:28+00:00\",\"description\":\"Infiniment Luxe pr\u00e9sente tout le luxe et le raffinement de l\u2019artisanat en France qui se distinguent par une alliance de professionnels d\u2019exception.\",\"breadcrumb\":{\"@id\":\"https:\/\/www.infiniment-luxe.com\/concept-infiniment-luxe\/#breadcrumb\"},\"inLanguage\":\"fr-FR\",\"potentialAction\":[{\"@type\":\"ReadAction\",\"target\":[\"https:\/\/www.infiniment-luxe.com\/concept-infiniment-luxe\/\"]}]},{\"@type\":\"ImageObject\",\"inLanguage\":\"fr-FR\",\"@id\":\"https:\/\/www.infiniment-luxe.com\/concept-infiniment-luxe\/#primaryimage\",\"url\":\"https:\/\/www.infiniment-luxe.com\/wp-content\/uploads\/2015\/09\/Equipe-infiniment-luxe-1024x598.jpg\",\"contentUrl\":\"https:\/\/www.infiniment-luxe.com\/wp-content\/uploads\/2015\/09\/Equipe-infiniment-luxe-1024x598.jpg\"},{\"@type\":\"BreadcrumbList\",\"@id\":\"https:\/\/www.infiniment-luxe.com\/concept-infiniment-luxe\/#breadcrumb\",\"itemListElement\":[{\"@type\":\"ListItem\",\"position\":1,\"name\":\"Accueil\",\"item\":\"https:\/\/www.infiniment-luxe.com\/en\/\"},{\"@type\":\"ListItem\",\"position\":2,\"name\":\"Infiniment Luxe\"}]},{\"@type\":\"WebSite\",\"@id\":\"https:\/\/www.infiniment-luxe.com\/fr\/#website\",\"url\":\"https:\/\/www.infiniment-luxe.com\/fr\/\",\"name\":\"infiniment luxe\",\"description\":\"La quintessence de l\u2019artisanat auvergnat.\",\"potentialAction\":[{\"@type\":\"SearchAction\",\"target\":{\"@type\":\"EntryPoint\",\"urlTemplate\":\"https:\/\/www.infiniment-luxe.com\/fr\/?s={search_term_string}\"},\"query-input\":{\"@type\":\"PropertyValueSpecification\",\"valueRequired\":true,\"valueName\":\"search_term_string\"}}],\"inLanguage\":\"fr-FR\"}]}<\/script>\n<!-- \/ Yoast SEO plugin. -->","yoast_head_json":{"title":"Artisanat et savoir-faire de luxe made in France","description":"Infiniment Luxe pr\u00e9sente tout le luxe et le raffinement de l\u2019artisanat en France qui se distinguent par une alliance de professionnels d\u2019exception.","robots":{"index":"index","follow":"follow","max-snippet":"max-snippet:-1","max-image-preview":"max-image-preview:large","max-video-preview":"max-video-preview:-1"},"canonical":"https:\/\/www.infiniment-luxe.com\/concept-infiniment-luxe\/","og_locale":"fr_FR","og_type":"article","og_title":"Artisanat et savoir-faire de luxe made in France","og_description":"Infiniment Luxe pr\u00e9sente tout le luxe et le raffinement de l\u2019artisanat en France qui se distinguent par une alliance de professionnels d\u2019exception.","og_url":"https:\/\/www.infiniment-luxe.com\/concept-infiniment-luxe\/","og_site_name":"infiniment luxe","article_modified_time":"2024-10-08T05:17:28+00:00","og_image":[{"url":"https:\/\/www.infiniment-luxe.com\/wp-content\/uploads\/2015\/09\/Equipe-infiniment-luxe-1024x598.jpg","type":"","width":"","height":""}],"twitter_card":"summary_large_image","twitter_misc":{"Dur\u00e9e de lecture estim\u00e9e":"2 minutes"},"schema":{"@context":"https:\/\/schema.org","@graph":[{"@type":"WebPage","@id":"https:\/\/www.infiniment-luxe.com\/concept-infiniment-luxe\/","url":"https:\/\/www.infiniment-luxe.com\/concept-infiniment-luxe\/","name":"Artisanat et savoir-faire de luxe made in France","isPartOf":{"@id":"https:\/\/www.infiniment-luxe.com\/fr\/#website"},"primaryImageOfPage":{"@id":"https:\/\/www.infiniment-luxe.com\/concept-infiniment-luxe\/#primaryimage"},"image":{"@id":"https:\/\/www.infiniment-luxe.com\/concept-infiniment-luxe\/#primaryimage"},"thumbnailUrl":"https:\/\/www.infiniment-luxe.com\/wp-content\/uploads\/2015\/09\/Equipe-infiniment-luxe-1024x598.jpg","datePublished":"2015-09-29T02:14:44+00:00","dateModified":"2024-10-08T05:17:28+00:00","description":"Infiniment Luxe pr\u00e9sente tout le luxe et le raffinement de l\u2019artisanat en France qui se distinguent par une alliance de professionnels d\u2019exception.","breadcrumb":{"@id":"https:\/\/www.infiniment-luxe.com\/concept-infiniment-luxe\/#breadcrumb"},"inLanguage":"fr-FR","potentialAction":[{"@type":"ReadAction","target":["https:\/\/www.infiniment-luxe.com\/concept-infiniment-luxe\/"]}]},{"@type":"ImageObject","inLanguage":"fr-FR","@id":"https:\/\/www.infiniment-luxe.com\/concept-infiniment-luxe\/#primaryimage","url":"https:\/\/www.infiniment-luxe.com\/wp-content\/uploads\/2015\/09\/Equipe-infiniment-luxe-1024x598.jpg","contentUrl":"https:\/\/www.infiniment-luxe.com\/wp-content\/uploads\/2015\/09\/Equipe-infiniment-luxe-1024x598.jpg"},{"@type":"BreadcrumbList","@id":"https:\/\/www.infiniment-luxe.com\/concept-infiniment-luxe\/#breadcrumb","itemListElement":[{"@type":"ListItem","position":1,"name":"Accueil","item":"https:\/\/www.infiniment-luxe.com\/en\/"},{"@type":"ListItem","position":2,"name":"Infiniment Luxe"}]},{"@type":"WebSite","@id":"https:\/\/www.infiniment-luxe.com\/fr\/#website","url":"https:\/\/www.infiniment-luxe.com\/fr\/","name":"infiniment luxe","description":"La quintessence de l\u2019artisanat auvergnat.","potentialAction":[{"@type":"SearchAction","target":{"@type":"EntryPoint","urlTemplate":"https:\/\/www.infiniment-luxe.com\/fr\/?s={search_term_string}"},"query-input":{"@type":"PropertyValueSpecification","valueRequired":true,"valueName":"search_term_string"}}],"inLanguage":"fr-FR"}]}},"_links":{"self":[{"href":"https:\/\/www.infiniment-luxe.com\/fr\/wp-json\/wp\/v2\/pages\/21","targetHints":{"allow":["GET"]}}],"collection":[{"href":"https:\/\/www.infiniment-luxe.com\/fr\/wp-json\/wp\/v2\/pages"}],"about":[{"href":"https:\/\/www.infiniment-luxe.com\/fr\/wp-json\/wp\/v2\/types\/page"}],"author":[{"embeddable":true,"href":"https:\/\/www.infiniment-luxe.com\/fr\/wp-json\/wp\/v2\/users\/1"}],"replies":[{"embeddable":true,"href":"https:\/\/www.infiniment-luxe.com\/fr\/wp-json\/wp\/v2\/comments?post=21"}],"version-history":[{"count":107,"href":"https:\/\/www.infiniment-luxe.com\/fr\/wp-json\/wp\/v2\/pages\/21\/revisions"}],"predecessor-version":[{"id":1217,"href":"https:\/\/www.infiniment-luxe.com\/fr\/wp-json\/wp\/v2\/pages\/21\/revisions\/1217"}],"wp:attachment":[{"href":"https:\/\/www.infiniment-luxe.com\/fr\/wp-json\/wp\/v2\/media?parent=21"}],"curies":[{"name":"wp","href":"https:\/\/api.w.org\/{rel}","templated":true}]}}