{"id":137,"date":"2015-10-07T14:39:16","date_gmt":"2015-10-07T13:39:16","guid":{"rendered":"http:\/\/infinimemp.cluster005.ovh.net\/?page_id=137"},"modified":"2016-10-21T15:55:04","modified_gmt":"2016-10-21T14:55:04","slug":"hugues-rambert-lampes-et-abat-jour","status":"publish","type":"page","link":"https:\/\/www.infiniment-luxe.com\/fr\/hugues-rambert-lampes-et-abat-jour\/","title":{"rendered":"Hugues Rambert lampes et abat-jour"},"content":{"rendered":"<p>Les <a href=\"http:\/\/www.huguesrambert.com\" target=\"_blank\">Ateliers Hugues Rambert<\/a>, sp\u00e9cialistes des lampes et abat-jour haute couture, \u0153uvrent dans le plus pur style artisanal fran\u00e7ais.<\/p>\n<p>De leur savoir-faire, dans le domaine des lampes et abat-jour, est na\u00eet une large gamme d\u2019articles : du sur mesure, de la pi\u00e8ce unique, de la restauration, des pi\u00e8ces en s\u00e9ries. Des mod\u00e8les aux formes vari\u00e9s, tant classique que contemporaine, propos\u00e9s dans des mati\u00e8res aussi diverses que le coton, des soies changeantes, du silk, des aspects zinc\/m\u00e9tal\/or ou des imprim\u00e9s personnalis\u00e9s.<\/p>\n<p>Le prestige et la qualit\u00e9 de leurs r\u00e9alisations ont fait la renomm\u00e9e des <a href=\"http:\/\/www.huguesrambert.com\" target=\"_blank\">Ateliers Hugues Rambert<\/a> dans le monde entier, tissant leur marque avec autant de respect qu\u2019ils apportent aux articles qu\u2019ils produisent.<\/p>\n","protected":false},"excerpt":{"rendered":"<p>Les Ateliers Hugues Rambert, sp\u00e9cialistes des lampes et abat-jour haute couture, \u0153uvrent dans le plus pur style artisanal fran\u00e7ais. De leur savoir-faire, dans le domaine des lampes et abat-jour, est na\u00eet une large gamme d\u2019articles : du sur mesure, de la pi\u00e8ce unique, de la restauration, des pi\u00e8ces en s\u00e9ries. Des mod\u00e8les aux formes vari\u00e9s, [&hellip;]<\/p>\n","protected":false},"author":2,"featured_media":323,"parent":0,"menu_order":0,"comment_status":"closed","ping_status":"closed","template":"","meta":{"_acf_changed":false,"footnotes":""},"class_list":["post-137","page","type-page","status-publish","has-post-thumbnail","hentry"],"acf":[],"yoast_head":"<!-- This site is optimized with the Yoast SEO plugin v26.8 - https:\/\/yoast.com\/product\/yoast-seo-wordpress\/ -->\n<title>Hugues Rambert lampes et abat-jour - infiniment luxe<\/title>\n<meta name=\"description\" content=\"Les Ateliers Hugues Rambert, sp\u00e9cialistes des lampes et abat-jour haute couture, \u0153uvrent dans le plus pur style artisanal fran\u00e7ais.\" \/>\n<meta name=\"robots\" content=\"index, follow, max-snippet:-1, max-image-preview:large, max-video-preview:-1\" \/>\n<link rel=\"canonical\" href=\"https:\/\/www.infiniment-luxe.com\/hugues-rambert-lampes-et-abat-jour\/\" \/>\n<meta property=\"og:locale\" content=\"fr_FR\" \/>\n<meta property=\"og:type\" content=\"article\" \/>\n<meta property=\"og:title\" content=\"Hugues Rambert lampes et abat-jour - infiniment luxe\" \/>\n<meta property=\"og:description\" content=\"Les Ateliers Hugues Rambert, sp\u00e9cialistes des lampes et abat-jour haute couture, \u0153uvrent dans le plus pur style artisanal fran\u00e7ais.\" \/>\n<meta property=\"og:url\" content=\"https:\/\/www.infiniment-luxe.com\/hugues-rambert-lampes-et-abat-jour\/\" \/>\n<meta property=\"og:site_name\" content=\"infiniment luxe\" \/>\n<meta property=\"article:modified_time\" content=\"2016-10-21T14:55:04+00:00\" \/>\n<meta property=\"og:image\" content=\"https:\/\/www.infiniment-luxe.com\/wp-content\/uploads\/2015\/10\/Rambert-abat-jour-luminaire-prestige-haut-de-gamme.jpg\" \/>\n\t<meta property=\"og:image:width\" content=\"200\" \/>\n\t<meta property=\"og:image:height\" content=\"200\" \/>\n\t<meta property=\"og:image:type\" content=\"image\/jpeg\" \/>\n<meta name=\"twitter:card\" content=\"summary_large_image\" \/>\n<meta name=\"twitter:label1\" content=\"Dur\u00e9e de lecture estim\u00e9e\" \/>\n\t<meta name=\"twitter:data1\" content=\"1 minute\" \/>\n<script type=\"application\/ld+json\" class=\"yoast-schema-graph\">{\"@context\":\"https:\/\/schema.org\",\"@graph\":[{\"@type\":\"WebPage\",\"@id\":\"https:\/\/www.infiniment-luxe.com\/hugues-rambert-lampes-et-abat-jour\/\",\"url\":\"https:\/\/www.infiniment-luxe.com\/hugues-rambert-lampes-et-abat-jour\/\",\"name\":\"Hugues Rambert lampes et abat-jour - infiniment luxe\",\"isPartOf\":{\"@id\":\"https:\/\/www.infiniment-luxe.com\/fr\/#website\"},\"primaryImageOfPage\":{\"@id\":\"https:\/\/www.infiniment-luxe.com\/hugues-rambert-lampes-et-abat-jour\/#primaryimage\"},\"image\":{\"@id\":\"https:\/\/www.infiniment-luxe.com\/hugues-rambert-lampes-et-abat-jour\/#primaryimage\"},\"thumbnailUrl\":\"https:\/\/www.infiniment-luxe.com\/wp-content\/uploads\/2015\/10\/Rambert-abat-jour-luminaire-prestige-haut-de-gamme.jpg\",\"datePublished\":\"2015-10-07T13:39:16+00:00\",\"dateModified\":\"2016-10-21T14:55:04+00:00\",\"description\":\"Les Ateliers Hugues Rambert, sp\u00e9cialistes des lampes et abat-jour haute couture, \u0153uvrent dans le plus pur style artisanal fran\u00e7ais.\",\"breadcrumb\":{\"@id\":\"https:\/\/www.infiniment-luxe.com\/hugues-rambert-lampes-et-abat-jour\/#breadcrumb\"},\"inLanguage\":\"fr-FR\",\"potentialAction\":[{\"@type\":\"ReadAction\",\"target\":[\"https:\/\/www.infiniment-luxe.com\/hugues-rambert-lampes-et-abat-jour\/\"]}]},{\"@type\":\"ImageObject\",\"inLanguage\":\"fr-FR\",\"@id\":\"https:\/\/www.infiniment-luxe.com\/hugues-rambert-lampes-et-abat-jour\/#primaryimage\",\"url\":\"https:\/\/www.infiniment-luxe.com\/wp-content\/uploads\/2015\/10\/Rambert-abat-jour-luminaire-prestige-haut-de-gamme.jpg\",\"contentUrl\":\"https:\/\/www.infiniment-luxe.com\/wp-content\/uploads\/2015\/10\/Rambert-abat-jour-luminaire-prestige-haut-de-gamme.jpg\",\"width\":200,\"height\":200,\"caption\":\"Hugues Rambert, fabricant de lampes et abat-jour prestiges haut de gamme\"},{\"@type\":\"BreadcrumbList\",\"@id\":\"https:\/\/www.infiniment-luxe.com\/hugues-rambert-lampes-et-abat-jour\/#breadcrumb\",\"itemListElement\":[{\"@type\":\"ListItem\",\"position\":1,\"name\":\"Accueil\",\"item\":\"https:\/\/www.infiniment-luxe.com\/en\/\"},{\"@type\":\"ListItem\",\"position\":2,\"name\":\"Hugues Rambert lampes et abat-jour\"}]},{\"@type\":\"WebSite\",\"@id\":\"https:\/\/www.infiniment-luxe.com\/fr\/#website\",\"url\":\"https:\/\/www.infiniment-luxe.com\/fr\/\",\"name\":\"infiniment luxe\",\"description\":\"La quintessence de l\u2019artisanat auvergnat.\",\"potentialAction\":[{\"@type\":\"SearchAction\",\"target\":{\"@type\":\"EntryPoint\",\"urlTemplate\":\"https:\/\/www.infiniment-luxe.com\/fr\/?s={search_term_string}\"},\"query-input\":{\"@type\":\"PropertyValueSpecification\",\"valueRequired\":true,\"valueName\":\"search_term_string\"}}],\"inLanguage\":\"fr-FR\"}]}<\/script>\n<!-- \/ Yoast SEO plugin. -->","yoast_head_json":{"title":"Hugues Rambert lampes et abat-jour - infiniment luxe","description":"Les Ateliers Hugues Rambert, sp\u00e9cialistes des lampes et abat-jour haute couture, \u0153uvrent dans le plus pur style artisanal fran\u00e7ais.","robots":{"index":"index","follow":"follow","max-snippet":"max-snippet:-1","max-image-preview":"max-image-preview:large","max-video-preview":"max-video-preview:-1"},"canonical":"https:\/\/www.infiniment-luxe.com\/hugues-rambert-lampes-et-abat-jour\/","og_locale":"fr_FR","og_type":"article","og_title":"Hugues Rambert lampes et abat-jour - infiniment luxe","og_description":"Les Ateliers Hugues Rambert, sp\u00e9cialistes des lampes et abat-jour haute couture, \u0153uvrent dans le plus pur style artisanal fran\u00e7ais.","og_url":"https:\/\/www.infiniment-luxe.com\/hugues-rambert-lampes-et-abat-jour\/","og_site_name":"infiniment luxe","article_modified_time":"2016-10-21T14:55:04+00:00","og_image":[{"width":200,"height":200,"url":"https:\/\/www.infiniment-luxe.com\/wp-content\/uploads\/2015\/10\/Rambert-abat-jour-luminaire-prestige-haut-de-gamme.jpg","type":"image\/jpeg"}],"twitter_card":"summary_large_image","twitter_misc":{"Dur\u00e9e de lecture estim\u00e9e":"1 minute"},"schema":{"@context":"https:\/\/schema.org","@graph":[{"@type":"WebPage","@id":"https:\/\/www.infiniment-luxe.com\/hugues-rambert-lampes-et-abat-jour\/","url":"https:\/\/www.infiniment-luxe.com\/hugues-rambert-lampes-et-abat-jour\/","name":"Hugues Rambert lampes et abat-jour - infiniment luxe","isPartOf":{"@id":"https:\/\/www.infiniment-luxe.com\/fr\/#website"},"primaryImageOfPage":{"@id":"https:\/\/www.infiniment-luxe.com\/hugues-rambert-lampes-et-abat-jour\/#primaryimage"},"image":{"@id":"https:\/\/www.infiniment-luxe.com\/hugues-rambert-lampes-et-abat-jour\/#primaryimage"},"thumbnailUrl":"https:\/\/www.infiniment-luxe.com\/wp-content\/uploads\/2015\/10\/Rambert-abat-jour-luminaire-prestige-haut-de-gamme.jpg","datePublished":"2015-10-07T13:39:16+00:00","dateModified":"2016-10-21T14:55:04+00:00","description":"Les Ateliers Hugues Rambert, sp\u00e9cialistes des lampes et abat-jour haute couture, \u0153uvrent dans le plus pur style artisanal fran\u00e7ais.","breadcrumb":{"@id":"https:\/\/www.infiniment-luxe.com\/hugues-rambert-lampes-et-abat-jour\/#breadcrumb"},"inLanguage":"fr-FR","potentialAction":[{"@type":"ReadAction","target":["https:\/\/www.infiniment-luxe.com\/hugues-rambert-lampes-et-abat-jour\/"]}]},{"@type":"ImageObject","inLanguage":"fr-FR","@id":"https:\/\/www.infiniment-luxe.com\/hugues-rambert-lampes-et-abat-jour\/#primaryimage","url":"https:\/\/www.infiniment-luxe.com\/wp-content\/uploads\/2015\/10\/Rambert-abat-jour-luminaire-prestige-haut-de-gamme.jpg","contentUrl":"https:\/\/www.infiniment-luxe.com\/wp-content\/uploads\/2015\/10\/Rambert-abat-jour-luminaire-prestige-haut-de-gamme.jpg","width":200,"height":200,"caption":"Hugues Rambert, fabricant de lampes et abat-jour prestiges haut de gamme"},{"@type":"BreadcrumbList","@id":"https:\/\/www.infiniment-luxe.com\/hugues-rambert-lampes-et-abat-jour\/#breadcrumb","itemListElement":[{"@type":"ListItem","position":1,"name":"Accueil","item":"https:\/\/www.infiniment-luxe.com\/en\/"},{"@type":"ListItem","position":2,"name":"Hugues Rambert lampes et abat-jour"}]},{"@type":"WebSite","@id":"https:\/\/www.infiniment-luxe.com\/fr\/#website","url":"https:\/\/www.infiniment-luxe.com\/fr\/","name":"infiniment luxe","description":"La quintessence de l\u2019artisanat auvergnat.","potentialAction":[{"@type":"SearchAction","target":{"@type":"EntryPoint","urlTemplate":"https:\/\/www.infiniment-luxe.com\/fr\/?s={search_term_string}"},"query-input":{"@type":"PropertyValueSpecification","valueRequired":true,"valueName":"search_term_string"}}],"inLanguage":"fr-FR"}]}},"_links":{"self":[{"href":"https:\/\/www.infiniment-luxe.com\/fr\/wp-json\/wp\/v2\/pages\/137","targetHints":{"allow":["GET"]}}],"collection":[{"href":"https:\/\/www.infiniment-luxe.com\/fr\/wp-json\/wp\/v2\/pages"}],"about":[{"href":"https:\/\/www.infiniment-luxe.com\/fr\/wp-json\/wp\/v2\/types\/page"}],"author":[{"embeddable":true,"href":"https:\/\/www.infiniment-luxe.com\/fr\/wp-json\/wp\/v2\/users\/2"}],"replies":[{"embeddable":true,"href":"https:\/\/www.infiniment-luxe.com\/fr\/wp-json\/wp\/v2\/comments?post=137"}],"version-history":[{"count":11,"href":"https:\/\/www.infiniment-luxe.com\/fr\/wp-json\/wp\/v2\/pages\/137\/revisions"}],"predecessor-version":[{"id":499,"href":"https:\/\/www.infiniment-luxe.com\/fr\/wp-json\/wp\/v2\/pages\/137\/revisions\/499"}],"wp:featuredmedia":[{"embeddable":true,"href":"https:\/\/www.infiniment-luxe.com\/fr\/wp-json\/wp\/v2\/media\/323"}],"wp:attachment":[{"href":"https:\/\/www.infiniment-luxe.com\/fr\/wp-json\/wp\/v2\/media?parent=137"}],"curies":[{"name":"wp","href":"https:\/\/api.w.org\/{rel}","templated":true}]}}