{"id":133,"date":"2015-10-07T14:38:43","date_gmt":"2015-10-07T13:38:43","guid":{"rendered":"http:\/\/infinimemp.cluster005.ovh.net\/?page_id=133"},"modified":"2020-12-18T09:00:04","modified_gmt":"2020-12-18T08:00:04","slug":"dennery-produits-matelasses","status":"publish","type":"page","link":"https:\/\/www.infiniment-luxe.com\/fr\/dennery-produits-matelasses\/","title":{"rendered":"D&rsquo;Ennery produits matelass\u00e9s"},"content":{"rendered":"<p>Depuis plus de 70 ans en Auvergne Rh\u00f4ne-Alpes, la marque <a href=\"http:\/\/www.denneryconfection.com\" target=\"_blank\" rel=\"noopener noreferrer\">D\u2019Ennery<\/a> \u0153uvre dans la confection de <strong>produits matelass\u00e9s <\/strong>haut de gamme en digne h\u00e9riti\u00e8re de la plus pure tradition textile fran\u00e7aise.<\/p>\n<p>Le sp\u00e9cialiste en produits matelass\u00e9s, <a href=\"http:\/\/www.denneryconfection.com\" target=\"_blank\" rel=\"noopener noreferrer\">D\u2019Ennery<\/a> confectionne des jet\u00e9s et des \u00e9charpes de lit, des plaids, des \u00e9dredons, des boutis, des housses de si\u00e8ges, des tentures murales ouatin\u00e9es\u2026 tout pour la d\u00e9coration et les accessoires de d\u00e9coration dans un esprit d\u2019harmonisation subtile des tissus imprim\u00e9s, des jacquards ou des unis avec des motifs de piquage tr\u00e8s vari\u00e9s ou cr\u00e9\u00e9s \u00e0 la demande.<\/p>\n<p>De son savoir-faire authentique, adapt\u00e9 \u00e0 l\u2019exigence, sont r\u00e9alis\u00e9s des produits matelass\u00e9s r\u00e9pondant \u00e0 chaque besoin et \u00e0 chaque demande, dans le respect d\u2019une qualit\u00e9 irr\u00e9prochable.<br \/>\nUne collection compl\u00e8te se distinguant par une \u00e9l\u00e9gance r\u00e9serv\u00e9e et raffin\u00e9e, m\u00ealant tradition, modernit\u00e9 et cr\u00e9ativit\u00e9. Ses cr\u00e9ations s\u2019\u00e9tendent des gammes basiques comme les maisons de retraite et les r\u00e9sidences de vacances aux h\u00f4tels et palaces (Le Meurice, Georges V, Le Royal Monceau\u2026). D\u2019Ennery vous assure une confection sur mesure, qu\u2019elle soit d\u2019excellence ou d\u2019originalit\u00e9.<\/p>\n","protected":false},"excerpt":{"rendered":"<p>Depuis plus de 70 ans en Auvergne Rh\u00f4ne-Alpes, la marque D\u2019Ennery \u0153uvre dans la confection de produits matelass\u00e9s haut de gamme en digne h\u00e9riti\u00e8re de la plus pure tradition textile fran\u00e7aise. Le sp\u00e9cialiste en produits matelass\u00e9s, D\u2019Ennery confectionne des jet\u00e9s et des \u00e9charpes de lit, des plaids, des \u00e9dredons, des boutis, des housses de si\u00e8ges, [&hellip;]<\/p>\n","protected":false},"author":2,"featured_media":349,"parent":0,"menu_order":0,"comment_status":"closed","ping_status":"closed","template":"","meta":{"_acf_changed":false,"footnotes":""},"class_list":["post-133","page","type-page","status-publish","has-post-thumbnail","hentry"],"acf":[],"yoast_head":"<!-- This site is optimized with the Yoast SEO plugin v26.8 - https:\/\/yoast.com\/product\/yoast-seo-wordpress\/ -->\n<title>D&#039;Ennery produits matelass\u00e9s - infiniment luxe<\/title>\n<meta name=\"description\" content=\"Depuis 30 ans, la marque D\u2019Ennery confectionne des produits matelass\u00e9s haut de gamme et sur mesure pour les h\u00f4tels, palaces, la mode, les textiles maison\u2026\" \/>\n<meta name=\"robots\" content=\"index, follow, max-snippet:-1, max-image-preview:large, max-video-preview:-1\" \/>\n<link rel=\"canonical\" href=\"https:\/\/www.infiniment-luxe.com\/dennery-produits-matelasses\/\" \/>\n<meta property=\"og:locale\" content=\"fr_FR\" \/>\n<meta property=\"og:type\" content=\"article\" \/>\n<meta property=\"og:title\" content=\"D&#039;Ennery produits matelass\u00e9s - infiniment luxe\" \/>\n<meta property=\"og:description\" content=\"Depuis 30 ans, la marque D\u2019Ennery confectionne des produits matelass\u00e9s haut de gamme et sur mesure pour les h\u00f4tels, palaces, la mode, les textiles maison\u2026\" \/>\n<meta property=\"og:url\" content=\"https:\/\/www.infiniment-luxe.com\/dennery-produits-matelasses\/\" \/>\n<meta property=\"og:site_name\" content=\"infiniment luxe\" \/>\n<meta property=\"article:modified_time\" content=\"2020-12-18T08:00:04+00:00\" \/>\n<meta property=\"og:image\" content=\"https:\/\/www.infiniment-luxe.com\/wp-content\/uploads\/2015\/10\/produits-matelasses-decoration-hotel-palace-mode-luxe-textile-maison.jpg\" \/>\n\t<meta property=\"og:image:width\" content=\"200\" \/>\n\t<meta property=\"og:image:height\" content=\"200\" \/>\n\t<meta property=\"og:image:type\" content=\"image\/jpeg\" \/>\n<meta name=\"twitter:card\" content=\"summary_large_image\" \/>\n<meta name=\"twitter:label1\" content=\"Dur\u00e9e de lecture estim\u00e9e\" \/>\n\t<meta name=\"twitter:data1\" content=\"1 minute\" \/>\n<script type=\"application\/ld+json\" class=\"yoast-schema-graph\">{\"@context\":\"https:\/\/schema.org\",\"@graph\":[{\"@type\":\"WebPage\",\"@id\":\"https:\/\/www.infiniment-luxe.com\/dennery-produits-matelasses\/\",\"url\":\"https:\/\/www.infiniment-luxe.com\/dennery-produits-matelasses\/\",\"name\":\"D'Ennery produits matelass\u00e9s - infiniment luxe\",\"isPartOf\":{\"@id\":\"https:\/\/www.infiniment-luxe.com\/fr\/#website\"},\"primaryImageOfPage\":{\"@id\":\"https:\/\/www.infiniment-luxe.com\/dennery-produits-matelasses\/#primaryimage\"},\"image\":{\"@id\":\"https:\/\/www.infiniment-luxe.com\/dennery-produits-matelasses\/#primaryimage\"},\"thumbnailUrl\":\"https:\/\/www.infiniment-luxe.com\/wp-content\/uploads\/2015\/10\/produits-matelasses-decoration-hotel-palace-mode-luxe-textile-maison.jpg\",\"datePublished\":\"2015-10-07T13:38:43+00:00\",\"dateModified\":\"2020-12-18T08:00:04+00:00\",\"description\":\"Depuis 30 ans, la marque D\u2019Ennery confectionne des produits matelass\u00e9s haut de gamme et sur mesure pour les h\u00f4tels, palaces, la mode, les textiles maison\u2026\",\"breadcrumb\":{\"@id\":\"https:\/\/www.infiniment-luxe.com\/dennery-produits-matelasses\/#breadcrumb\"},\"inLanguage\":\"fr-FR\",\"potentialAction\":[{\"@type\":\"ReadAction\",\"target\":[\"https:\/\/www.infiniment-luxe.com\/dennery-produits-matelasses\/\"]}]},{\"@type\":\"ImageObject\",\"inLanguage\":\"fr-FR\",\"@id\":\"https:\/\/www.infiniment-luxe.com\/dennery-produits-matelasses\/#primaryimage\",\"url\":\"https:\/\/www.infiniment-luxe.com\/wp-content\/uploads\/2015\/10\/produits-matelasses-decoration-hotel-palace-mode-luxe-textile-maison.jpg\",\"contentUrl\":\"https:\/\/www.infiniment-luxe.com\/wp-content\/uploads\/2015\/10\/produits-matelasses-decoration-hotel-palace-mode-luxe-textile-maison.jpg\",\"width\":200,\"height\":200,\"caption\":\"D'Ennery confectionne des produits matelass\u00e9s et d\u00e9coration pour les h\u00f4tels, palaces, la mode, le luxe et les textiles de maison\"},{\"@type\":\"BreadcrumbList\",\"@id\":\"https:\/\/www.infiniment-luxe.com\/dennery-produits-matelasses\/#breadcrumb\",\"itemListElement\":[{\"@type\":\"ListItem\",\"position\":1,\"name\":\"Accueil\",\"item\":\"https:\/\/www.infiniment-luxe.com\/en\/\"},{\"@type\":\"ListItem\",\"position\":2,\"name\":\"D&rsquo;Ennery produits matelass\u00e9s\"}]},{\"@type\":\"WebSite\",\"@id\":\"https:\/\/www.infiniment-luxe.com\/fr\/#website\",\"url\":\"https:\/\/www.infiniment-luxe.com\/fr\/\",\"name\":\"infiniment luxe\",\"description\":\"La quintessence de l\u2019artisanat auvergnat.\",\"potentialAction\":[{\"@type\":\"SearchAction\",\"target\":{\"@type\":\"EntryPoint\",\"urlTemplate\":\"https:\/\/www.infiniment-luxe.com\/fr\/?s={search_term_string}\"},\"query-input\":{\"@type\":\"PropertyValueSpecification\",\"valueRequired\":true,\"valueName\":\"search_term_string\"}}],\"inLanguage\":\"fr-FR\"}]}<\/script>\n<!-- \/ Yoast SEO plugin. -->","yoast_head_json":{"title":"D'Ennery produits matelass\u00e9s - infiniment luxe","description":"Depuis 30 ans, la marque D\u2019Ennery confectionne des produits matelass\u00e9s haut de gamme et sur mesure pour les h\u00f4tels, palaces, la mode, les textiles maison\u2026","robots":{"index":"index","follow":"follow","max-snippet":"max-snippet:-1","max-image-preview":"max-image-preview:large","max-video-preview":"max-video-preview:-1"},"canonical":"https:\/\/www.infiniment-luxe.com\/dennery-produits-matelasses\/","og_locale":"fr_FR","og_type":"article","og_title":"D'Ennery produits matelass\u00e9s - infiniment luxe","og_description":"Depuis 30 ans, la marque D\u2019Ennery confectionne des produits matelass\u00e9s haut de gamme et sur mesure pour les h\u00f4tels, palaces, la mode, les textiles maison\u2026","og_url":"https:\/\/www.infiniment-luxe.com\/dennery-produits-matelasses\/","og_site_name":"infiniment luxe","article_modified_time":"2020-12-18T08:00:04+00:00","og_image":[{"width":200,"height":200,"url":"https:\/\/www.infiniment-luxe.com\/wp-content\/uploads\/2015\/10\/produits-matelasses-decoration-hotel-palace-mode-luxe-textile-maison.jpg","type":"image\/jpeg"}],"twitter_card":"summary_large_image","twitter_misc":{"Dur\u00e9e de lecture estim\u00e9e":"1 minute"},"schema":{"@context":"https:\/\/schema.org","@graph":[{"@type":"WebPage","@id":"https:\/\/www.infiniment-luxe.com\/dennery-produits-matelasses\/","url":"https:\/\/www.infiniment-luxe.com\/dennery-produits-matelasses\/","name":"D'Ennery produits matelass\u00e9s - infiniment luxe","isPartOf":{"@id":"https:\/\/www.infiniment-luxe.com\/fr\/#website"},"primaryImageOfPage":{"@id":"https:\/\/www.infiniment-luxe.com\/dennery-produits-matelasses\/#primaryimage"},"image":{"@id":"https:\/\/www.infiniment-luxe.com\/dennery-produits-matelasses\/#primaryimage"},"thumbnailUrl":"https:\/\/www.infiniment-luxe.com\/wp-content\/uploads\/2015\/10\/produits-matelasses-decoration-hotel-palace-mode-luxe-textile-maison.jpg","datePublished":"2015-10-07T13:38:43+00:00","dateModified":"2020-12-18T08:00:04+00:00","description":"Depuis 30 ans, la marque D\u2019Ennery confectionne des produits matelass\u00e9s haut de gamme et sur mesure pour les h\u00f4tels, palaces, la mode, les textiles maison\u2026","breadcrumb":{"@id":"https:\/\/www.infiniment-luxe.com\/dennery-produits-matelasses\/#breadcrumb"},"inLanguage":"fr-FR","potentialAction":[{"@type":"ReadAction","target":["https:\/\/www.infiniment-luxe.com\/dennery-produits-matelasses\/"]}]},{"@type":"ImageObject","inLanguage":"fr-FR","@id":"https:\/\/www.infiniment-luxe.com\/dennery-produits-matelasses\/#primaryimage","url":"https:\/\/www.infiniment-luxe.com\/wp-content\/uploads\/2015\/10\/produits-matelasses-decoration-hotel-palace-mode-luxe-textile-maison.jpg","contentUrl":"https:\/\/www.infiniment-luxe.com\/wp-content\/uploads\/2015\/10\/produits-matelasses-decoration-hotel-palace-mode-luxe-textile-maison.jpg","width":200,"height":200,"caption":"D'Ennery confectionne des produits matelass\u00e9s et d\u00e9coration pour les h\u00f4tels, palaces, la mode, le luxe et les textiles de maison"},{"@type":"BreadcrumbList","@id":"https:\/\/www.infiniment-luxe.com\/dennery-produits-matelasses\/#breadcrumb","itemListElement":[{"@type":"ListItem","position":1,"name":"Accueil","item":"https:\/\/www.infiniment-luxe.com\/en\/"},{"@type":"ListItem","position":2,"name":"D&rsquo;Ennery produits matelass\u00e9s"}]},{"@type":"WebSite","@id":"https:\/\/www.infiniment-luxe.com\/fr\/#website","url":"https:\/\/www.infiniment-luxe.com\/fr\/","name":"infiniment luxe","description":"La quintessence de l\u2019artisanat auvergnat.","potentialAction":[{"@type":"SearchAction","target":{"@type":"EntryPoint","urlTemplate":"https:\/\/www.infiniment-luxe.com\/fr\/?s={search_term_string}"},"query-input":{"@type":"PropertyValueSpecification","valueRequired":true,"valueName":"search_term_string"}}],"inLanguage":"fr-FR"}]}},"_links":{"self":[{"href":"https:\/\/www.infiniment-luxe.com\/fr\/wp-json\/wp\/v2\/pages\/133","targetHints":{"allow":["GET"]}}],"collection":[{"href":"https:\/\/www.infiniment-luxe.com\/fr\/wp-json\/wp\/v2\/pages"}],"about":[{"href":"https:\/\/www.infiniment-luxe.com\/fr\/wp-json\/wp\/v2\/types\/page"}],"author":[{"embeddable":true,"href":"https:\/\/www.infiniment-luxe.com\/fr\/wp-json\/wp\/v2\/users\/2"}],"replies":[{"embeddable":true,"href":"https:\/\/www.infiniment-luxe.com\/fr\/wp-json\/wp\/v2\/comments?post=133"}],"version-history":[{"count":18,"href":"https:\/\/www.infiniment-luxe.com\/fr\/wp-json\/wp\/v2\/pages\/133\/revisions"}],"predecessor-version":[{"id":971,"href":"https:\/\/www.infiniment-luxe.com\/fr\/wp-json\/wp\/v2\/pages\/133\/revisions\/971"}],"wp:featuredmedia":[{"embeddable":true,"href":"https:\/\/www.infiniment-luxe.com\/fr\/wp-json\/wp\/v2\/media\/349"}],"wp:attachment":[{"href":"https:\/\/www.infiniment-luxe.com\/fr\/wp-json\/wp\/v2\/media?parent=133"}],"curies":[{"name":"wp","href":"https:\/\/api.w.org\/{rel}","templated":true}]}}