{"id":131,"date":"2015-10-07T14:38:16","date_gmt":"2015-10-07T13:38:16","guid":{"rendered":"http:\/\/infinimemp.cluster005.ovh.net\/?page_id=131"},"modified":"2017-09-24T16:35:25","modified_gmt":"2017-09-24T15:35:25","slug":"cabiria-fondeur-art-et-bronzier","status":"publish","type":"page","link":"https:\/\/www.infiniment-luxe.com\/fr\/cabiria-fondeur-art-et-bronzier\/","title":{"rendered":"Cabiria fondeur d\u2019art et Bronzier"},"content":{"rendered":"<p>Du mouvement \u00e0 la fixit\u00e9, l\u2019entreprise <a href=\"http:\/\/www.cabiria.fr\/\" target=\"_blank\" rel=\"noopener noreferrer\">Cabiria<\/a> fondeur d\u2019art et Bronzier, \u0153uvre dans le respect des r\u00e8gles des ma\u00eetres bronziers, avec passion et technicit\u00e9, pour accompagner ou r\u00e9aliser des projets de designers reconnus, de d\u00e9corateurs, d\u2019\u00e9diteurs ou encore d\u2019artistes.<\/p>\n<p>Le savoir-faire de <a href=\"http:\/\/www.cabiria.fr\/\" target=\"_blank\" rel=\"noopener noreferrer\">Cabiria<\/a> fondeur d\u2019art et Bronzier pour mobiliers contemporains se transpose \u00e0 des objets et mobiliers sp\u00e9cifiques, au design engageant sur lesquels le bronze s\u2019appose comme une \u00e9vidence, une finalisation cens\u00e9e \u00e0 des r\u00e9alisations sp\u00e9cifiques.<\/p>\n<p>Ce m\u00e9tal embl\u00e9matique de toutes les \u00e8res d\u00e9coratives et la mixit\u00e9 des mat\u00e9riaux des cr\u00e9ations \u00e0 fa\u00e7onner se juxtaposent judicieusement : gu\u00e9ridons, miroirs, fauteuils, lampes\u2026 sont autant d\u2019objets, de mobiliers o\u00f9 le bronze se fait ornement selon le prestige de la tradition.<\/p>\n<p>Des ouvrages de l\u2019entreprise <a href=\"http:\/\/www.cabiria.fr\/\" target=\"_blank\" rel=\"noopener noreferrer\">Cabiria<\/a> fondeur d\u2019art et Bronzier transpire la richesse d\u2019un travail manuel avan\u00e7ant un go\u00fbt prononc\u00e9 pour la finesse et la beaut\u00e9. Le symbole de <a href=\"https:\/\/www.infiniment-luxe.com\/fr\/\">l\u2019artisanat de luxe <\/a>ancestral au service d\u2019un monde contemporain en qu\u00eate d\u2019authenticit\u00e9.<\/p>\n","protected":false},"excerpt":{"rendered":"<p>Du mouvement \u00e0 la fixit\u00e9, l\u2019entreprise Cabiria fondeur d\u2019art et Bronzier, \u0153uvre dans le respect des r\u00e8gles des ma\u00eetres bronziers, avec passion et technicit\u00e9, pour accompagner ou r\u00e9aliser des projets de designers reconnus, de d\u00e9corateurs, d\u2019\u00e9diteurs ou encore d\u2019artistes. Le savoir-faire de Cabiria fondeur d\u2019art et Bronzier pour mobiliers contemporains se transpose \u00e0 des objets [&hellip;]<\/p>\n","protected":false},"author":2,"featured_media":381,"parent":0,"menu_order":0,"comment_status":"closed","ping_status":"closed","template":"","meta":{"_acf_changed":false,"footnotes":""},"class_list":["post-131","page","type-page","status-publish","has-post-thumbnail","hentry"],"acf":[],"yoast_head":"<!-- This site is optimized with the Yoast SEO plugin v26.8 - https:\/\/yoast.com\/product\/yoast-seo-wordpress\/ -->\n<title>Cabiria fondeur d\u2019art et Bronzier - infiniment luxe<\/title>\n<meta name=\"description\" content=\"Le savoir-faire de Cabiria fondeur d\u2019art et Bronzier pour mobiliers contemporains se transpose \u00e0 des objets et mobiliers au design engageant et unique\" \/>\n<meta name=\"robots\" content=\"index, follow, max-snippet:-1, max-image-preview:large, max-video-preview:-1\" \/>\n<link rel=\"canonical\" href=\"https:\/\/www.infiniment-luxe.com\/cabiria-fondeur-art-et-bronzier\/\" \/>\n<meta property=\"og:locale\" content=\"fr_FR\" \/>\n<meta property=\"og:type\" content=\"article\" \/>\n<meta property=\"og:title\" content=\"Cabiria fondeur d\u2019art et Bronzier - infiniment luxe\" \/>\n<meta property=\"og:description\" content=\"Le savoir-faire de Cabiria fondeur d\u2019art et Bronzier pour mobiliers contemporains se transpose \u00e0 des objets et mobiliers au design engageant et unique\" \/>\n<meta property=\"og:url\" content=\"https:\/\/www.infiniment-luxe.com\/cabiria-fondeur-art-et-bronzier\/\" \/>\n<meta property=\"og:site_name\" content=\"infiniment luxe\" \/>\n<meta property=\"article:modified_time\" content=\"2017-09-24T15:35:25+00:00\" \/>\n<meta property=\"og:image\" content=\"https:\/\/www.infiniment-luxe.com\/wp-content\/uploads\/2015\/10\/Cecile-Ballureau-Cabiria-Fondeur-dart-Bronzier-mobiliers-contemporains.jpg\" \/>\n\t<meta property=\"og:image:width\" content=\"200\" \/>\n\t<meta property=\"og:image:height\" content=\"200\" \/>\n\t<meta property=\"og:image:type\" content=\"image\/jpeg\" \/>\n<meta name=\"twitter:card\" content=\"summary_large_image\" \/>\n<meta name=\"twitter:label1\" content=\"Dur\u00e9e de lecture estim\u00e9e\" \/>\n\t<meta name=\"twitter:data1\" content=\"1 minute\" \/>\n<script type=\"application\/ld+json\" class=\"yoast-schema-graph\">{\"@context\":\"https:\/\/schema.org\",\"@graph\":[{\"@type\":\"WebPage\",\"@id\":\"https:\/\/www.infiniment-luxe.com\/cabiria-fondeur-art-et-bronzier\/\",\"url\":\"https:\/\/www.infiniment-luxe.com\/cabiria-fondeur-art-et-bronzier\/\",\"name\":\"Cabiria fondeur d\u2019art et Bronzier - infiniment luxe\",\"isPartOf\":{\"@id\":\"https:\/\/www.infiniment-luxe.com\/fr\/#website\"},\"primaryImageOfPage\":{\"@id\":\"https:\/\/www.infiniment-luxe.com\/cabiria-fondeur-art-et-bronzier\/#primaryimage\"},\"image\":{\"@id\":\"https:\/\/www.infiniment-luxe.com\/cabiria-fondeur-art-et-bronzier\/#primaryimage\"},\"thumbnailUrl\":\"https:\/\/www.infiniment-luxe.com\/wp-content\/uploads\/2015\/10\/Cecile-Ballureau-Cabiria-Fondeur-dart-Bronzier-mobiliers-contemporains.jpg\",\"datePublished\":\"2015-10-07T13:38:16+00:00\",\"dateModified\":\"2017-09-24T15:35:25+00:00\",\"description\":\"Le savoir-faire de Cabiria fondeur d\u2019art et Bronzier pour mobiliers contemporains se transpose \u00e0 des objets et mobiliers au design engageant et unique\",\"breadcrumb\":{\"@id\":\"https:\/\/www.infiniment-luxe.com\/cabiria-fondeur-art-et-bronzier\/#breadcrumb\"},\"inLanguage\":\"fr-FR\",\"potentialAction\":[{\"@type\":\"ReadAction\",\"target\":[\"https:\/\/www.infiniment-luxe.com\/cabiria-fondeur-art-et-bronzier\/\"]}]},{\"@type\":\"ImageObject\",\"inLanguage\":\"fr-FR\",\"@id\":\"https:\/\/www.infiniment-luxe.com\/cabiria-fondeur-art-et-bronzier\/#primaryimage\",\"url\":\"https:\/\/www.infiniment-luxe.com\/wp-content\/uploads\/2015\/10\/Cecile-Ballureau-Cabiria-Fondeur-dart-Bronzier-mobiliers-contemporains.jpg\",\"contentUrl\":\"https:\/\/www.infiniment-luxe.com\/wp-content\/uploads\/2015\/10\/Cecile-Ballureau-Cabiria-Fondeur-dart-Bronzier-mobiliers-contemporains.jpg\",\"width\":200,\"height\":200,\"caption\":\"C\u00e9cile Ballureau pour Cabiria Fondeur d'art et Bronzier pour mobiliers contemporains en Auvergne\"},{\"@type\":\"BreadcrumbList\",\"@id\":\"https:\/\/www.infiniment-luxe.com\/cabiria-fondeur-art-et-bronzier\/#breadcrumb\",\"itemListElement\":[{\"@type\":\"ListItem\",\"position\":1,\"name\":\"Accueil\",\"item\":\"https:\/\/www.infiniment-luxe.com\/en\/\"},{\"@type\":\"ListItem\",\"position\":2,\"name\":\"Cabiria fondeur d\u2019art et Bronzier\"}]},{\"@type\":\"WebSite\",\"@id\":\"https:\/\/www.infiniment-luxe.com\/fr\/#website\",\"url\":\"https:\/\/www.infiniment-luxe.com\/fr\/\",\"name\":\"infiniment luxe\",\"description\":\"La quintessence de l\u2019artisanat auvergnat.\",\"potentialAction\":[{\"@type\":\"SearchAction\",\"target\":{\"@type\":\"EntryPoint\",\"urlTemplate\":\"https:\/\/www.infiniment-luxe.com\/fr\/?s={search_term_string}\"},\"query-input\":{\"@type\":\"PropertyValueSpecification\",\"valueRequired\":true,\"valueName\":\"search_term_string\"}}],\"inLanguage\":\"fr-FR\"}]}<\/script>\n<!-- \/ Yoast SEO plugin. -->","yoast_head_json":{"title":"Cabiria fondeur d\u2019art et Bronzier - infiniment luxe","description":"Le savoir-faire de Cabiria fondeur d\u2019art et Bronzier pour mobiliers contemporains se transpose \u00e0 des objets et mobiliers au design engageant et unique","robots":{"index":"index","follow":"follow","max-snippet":"max-snippet:-1","max-image-preview":"max-image-preview:large","max-video-preview":"max-video-preview:-1"},"canonical":"https:\/\/www.infiniment-luxe.com\/cabiria-fondeur-art-et-bronzier\/","og_locale":"fr_FR","og_type":"article","og_title":"Cabiria fondeur d\u2019art et Bronzier - infiniment luxe","og_description":"Le savoir-faire de Cabiria fondeur d\u2019art et Bronzier pour mobiliers contemporains se transpose \u00e0 des objets et mobiliers au design engageant et unique","og_url":"https:\/\/www.infiniment-luxe.com\/cabiria-fondeur-art-et-bronzier\/","og_site_name":"infiniment luxe","article_modified_time":"2017-09-24T15:35:25+00:00","og_image":[{"width":200,"height":200,"url":"https:\/\/www.infiniment-luxe.com\/wp-content\/uploads\/2015\/10\/Cecile-Ballureau-Cabiria-Fondeur-dart-Bronzier-mobiliers-contemporains.jpg","type":"image\/jpeg"}],"twitter_card":"summary_large_image","twitter_misc":{"Dur\u00e9e de lecture estim\u00e9e":"1 minute"},"schema":{"@context":"https:\/\/schema.org","@graph":[{"@type":"WebPage","@id":"https:\/\/www.infiniment-luxe.com\/cabiria-fondeur-art-et-bronzier\/","url":"https:\/\/www.infiniment-luxe.com\/cabiria-fondeur-art-et-bronzier\/","name":"Cabiria fondeur d\u2019art et Bronzier - infiniment luxe","isPartOf":{"@id":"https:\/\/www.infiniment-luxe.com\/fr\/#website"},"primaryImageOfPage":{"@id":"https:\/\/www.infiniment-luxe.com\/cabiria-fondeur-art-et-bronzier\/#primaryimage"},"image":{"@id":"https:\/\/www.infiniment-luxe.com\/cabiria-fondeur-art-et-bronzier\/#primaryimage"},"thumbnailUrl":"https:\/\/www.infiniment-luxe.com\/wp-content\/uploads\/2015\/10\/Cecile-Ballureau-Cabiria-Fondeur-dart-Bronzier-mobiliers-contemporains.jpg","datePublished":"2015-10-07T13:38:16+00:00","dateModified":"2017-09-24T15:35:25+00:00","description":"Le savoir-faire de Cabiria fondeur d\u2019art et Bronzier pour mobiliers contemporains se transpose \u00e0 des objets et mobiliers au design engageant et unique","breadcrumb":{"@id":"https:\/\/www.infiniment-luxe.com\/cabiria-fondeur-art-et-bronzier\/#breadcrumb"},"inLanguage":"fr-FR","potentialAction":[{"@type":"ReadAction","target":["https:\/\/www.infiniment-luxe.com\/cabiria-fondeur-art-et-bronzier\/"]}]},{"@type":"ImageObject","inLanguage":"fr-FR","@id":"https:\/\/www.infiniment-luxe.com\/cabiria-fondeur-art-et-bronzier\/#primaryimage","url":"https:\/\/www.infiniment-luxe.com\/wp-content\/uploads\/2015\/10\/Cecile-Ballureau-Cabiria-Fondeur-dart-Bronzier-mobiliers-contemporains.jpg","contentUrl":"https:\/\/www.infiniment-luxe.com\/wp-content\/uploads\/2015\/10\/Cecile-Ballureau-Cabiria-Fondeur-dart-Bronzier-mobiliers-contemporains.jpg","width":200,"height":200,"caption":"C\u00e9cile Ballureau pour Cabiria Fondeur d'art et Bronzier pour mobiliers contemporains en Auvergne"},{"@type":"BreadcrumbList","@id":"https:\/\/www.infiniment-luxe.com\/cabiria-fondeur-art-et-bronzier\/#breadcrumb","itemListElement":[{"@type":"ListItem","position":1,"name":"Accueil","item":"https:\/\/www.infiniment-luxe.com\/en\/"},{"@type":"ListItem","position":2,"name":"Cabiria fondeur d\u2019art et Bronzier"}]},{"@type":"WebSite","@id":"https:\/\/www.infiniment-luxe.com\/fr\/#website","url":"https:\/\/www.infiniment-luxe.com\/fr\/","name":"infiniment luxe","description":"La quintessence de l\u2019artisanat auvergnat.","potentialAction":[{"@type":"SearchAction","target":{"@type":"EntryPoint","urlTemplate":"https:\/\/www.infiniment-luxe.com\/fr\/?s={search_term_string}"},"query-input":{"@type":"PropertyValueSpecification","valueRequired":true,"valueName":"search_term_string"}}],"inLanguage":"fr-FR"}]}},"_links":{"self":[{"href":"https:\/\/www.infiniment-luxe.com\/fr\/wp-json\/wp\/v2\/pages\/131","targetHints":{"allow":["GET"]}}],"collection":[{"href":"https:\/\/www.infiniment-luxe.com\/fr\/wp-json\/wp\/v2\/pages"}],"about":[{"href":"https:\/\/www.infiniment-luxe.com\/fr\/wp-json\/wp\/v2\/types\/page"}],"author":[{"embeddable":true,"href":"https:\/\/www.infiniment-luxe.com\/fr\/wp-json\/wp\/v2\/users\/2"}],"replies":[{"embeddable":true,"href":"https:\/\/www.infiniment-luxe.com\/fr\/wp-json\/wp\/v2\/comments?post=131"}],"version-history":[{"count":16,"href":"https:\/\/www.infiniment-luxe.com\/fr\/wp-json\/wp\/v2\/pages\/131\/revisions"}],"predecessor-version":[{"id":533,"href":"https:\/\/www.infiniment-luxe.com\/fr\/wp-json\/wp\/v2\/pages\/131\/revisions\/533"}],"wp:featuredmedia":[{"embeddable":true,"href":"https:\/\/www.infiniment-luxe.com\/fr\/wp-json\/wp\/v2\/media\/381"}],"wp:attachment":[{"href":"https:\/\/www.infiniment-luxe.com\/fr\/wp-json\/wp\/v2\/media?parent=131"}],"curies":[{"name":"wp","href":"https:\/\/api.w.org\/{rel}","templated":true}]}}