{"id":126,"date":"2015-10-07T14:35:26","date_gmt":"2015-10-07T13:35:26","guid":{"rendered":"http:\/\/infinimemp.cluster005.ovh.net\/?page_id=126"},"modified":"2020-04-01T14:02:26","modified_gmt":"2020-04-01T13:02:26","slug":"mentions-legales","status":"publish","type":"page","link":"https:\/\/www.infiniment-luxe.com\/fr\/mentions-legales\/","title":{"rendered":"Mentions l\u00e9gales"},"content":{"rendered":"<p><strong>Propri\u00e9taire du site Internet :<\/strong><br \/>\nInfiniment Luxe<br \/>\nCRMA Auvergne-Rh\u00f4ne-Alpes<br \/>\n10 rue Paul Montrochet<br \/>\n69002 Lyon<\/p>\n<p><strong>Cr\u00e9ation\/conception graphique, d\u00e9veloppement du site internet :<\/strong><br \/>\nAgence de communication studio N\u00b03<br \/>\n1 rue Etienne M\u00e9dicis \u2013 43000 Le Puy-en-Velay<br \/>\n06 83 33 34 53 \u2013 <a href=\"http:\/\/www.studioN3.fr\" target=\"_blank\" rel=\"noopener noreferrer\">www.studioN3.fr<\/a><\/p>\n<p><strong>H\u00e9bergement :<\/strong> SAS OVH &#8211; 2 rue Kellermann &#8211; BP 80157 &#8211; 59100 Roubaix<\/p>\n<p><strong>Nom du responsable publication<\/strong> : Sarah POYETON<\/p>\n<p><strong>Loi informatique et libert\u00e9 :<\/strong><br \/>\nDes formulaires sont mis \u00e0 votre disposition pour acc\u00e9der par internet \u00e0 certains services en direct. Des renseignements personnels peuvent vous \u00eatre demand\u00e9s dans ces formulaires. Infiniment luxe, s\u2019engage express\u00e9ment \u00e0 ne pas divulguer \u00e0 des tiers ces informations confidentielles. Vous disposez d\u2019un droit d\u2019acc\u00e8s, de modification, de rectification et de suppression des donn\u00e9es qui vous concernent (art. 34 de la loi \u00ab Informatique et Libert\u00e9s \u00bb du 6 janvier 1978). Retrouvez toutes les informations sur notre <a href=\"https:\/\/www.infiniment-luxe.com\/fr\/politique-de-confidentialite\/\">politique de confidentialit\u00e9 des donn\u00e9es ici<\/a>.<\/p>\n<p>Propri\u00e9t\u00e9 : le site et les informations qu\u2019il contient sont prot\u00e9g\u00e9s par la <strong>loi fran\u00e7aise sur la propri\u00e9t\u00e9 intellectuelle et par les conventions internationales.<\/strong> Le site (ou des \u00e9l\u00e9ments de son contenu) ne peut \u00eatre ni reproduit, ni republi\u00e9, ni retranscrit, ni modifi\u00e9, ni retransmis sans l\u2019autorisation pr\u00e9alable des ayants droits par \u00e9crit.<\/p>\n<p>Droits d\u2019auteurs \/ Copyright : les marques, photos et logos figurant sur ce site sont des marques d\u00e9pos\u00e9es. Leur mention n\u2019accorde en aucune mani\u00e8re une licence ou un droit d\u2019utilisation quelconque des dites marques, qui ne peuvent donc \u00eatre utilis\u00e9es sans le consentement pr\u00e9alable et \u00e9crit du propri\u00e9taire de la marque sous peine de contrefa\u00e7on.<br \/>\n<strong>Cr\u00e9dits photos :<\/strong> \u00a9 Infiniment luxe et marques cit\u00e9es.<\/p>\n<p>Responsabilit\u00e9 : l\u2019ensemble des informations accessibles via ce site est fourni en l\u2019\u00e9tat. Infiniment luxe ne donne aucune garantie, explicite ou implicite, et n\u2019assume aucune responsabilit\u00e9 relative \u00e0 l\u2019utilisation de ces informations. Infiniment luxe n\u2019est pas responsable ni de l\u2019exactitude, ni des erreurs, ni des omissions contenues sur ce site. L\u2019utilisateur est seul responsable de l\u2019utilisation de telles informations. Infiniment luxe se r\u00e9serve le droit de modifier \u00e0 tout moment les pr\u00e9sentes, notamment en actualisant ce site. Infiniment luxe ne pourra \u00eatre tenue responsable pour quel que dommage que ce soit tant direct qu\u2019indirect, r\u00e9sultant d\u2019une information contenue sur ce site. L\u2019utilisateur s\u2019engage \u00e0 ne transmettre sur ce site aucune information pouvant entra\u00eener une responsabilit\u00e9 civile ou p\u00e9nale et s\u2019engage \u00e0 ce titre \u00e0 ne pas divulguer via ce site des informations ill\u00e9gales, contraires \u00e0 l\u2019ordre public ou diffamatoires.<\/p>\n","protected":false},"excerpt":{"rendered":"<p>Propri\u00e9taire du site Internet : Infiniment Luxe CRMA Auvergne-Rh\u00f4ne-Alpes 10 rue Paul Montrochet 69002 Lyon Cr\u00e9ation\/conception graphique, d\u00e9veloppement du site internet : Agence de communication studio N\u00b03 1 rue Etienne M\u00e9dicis \u2013 43000 Le Puy-en-Velay 06 83 33 34 53 \u2013 www.studioN3.fr H\u00e9bergement : SAS OVH &#8211; 2 rue Kellermann &#8211; BP 80157 &#8211; 59100 [&hellip;]<\/p>\n","protected":false},"author":2,"featured_media":0,"parent":0,"menu_order":0,"comment_status":"closed","ping_status":"closed","template":"","meta":{"_acf_changed":false,"footnotes":""},"class_list":["post-126","page","type-page","status-publish","hentry"],"acf":[],"yoast_head":"<!-- This site is optimized with the Yoast SEO plugin v26.8 - https:\/\/yoast.com\/product\/yoast-seo-wordpress\/ -->\n<title>Mentions l\u00e9gales - infiniment luxe<\/title>\n<meta name=\"robots\" content=\"noindex, nofollow\" \/>\n<meta property=\"og:locale\" content=\"fr_FR\" \/>\n<meta property=\"og:type\" content=\"article\" \/>\n<meta property=\"og:title\" content=\"Mentions l\u00e9gales - infiniment luxe\" \/>\n<meta property=\"og:description\" content=\"Propri\u00e9taire du site Internet : Infiniment Luxe CRMA Auvergne-Rh\u00f4ne-Alpes 10 rue Paul Montrochet 69002 Lyon Cr\u00e9ation\/conception graphique, d\u00e9veloppement du site internet : Agence de communication studio N\u00b03 1 rue Etienne M\u00e9dicis \u2013 43000 Le Puy-en-Velay 06 83 33 34 53 \u2013 www.studioN3.fr H\u00e9bergement : SAS OVH &#8211; 2 rue Kellermann &#8211; BP 80157 &#8211; 59100 [&hellip;]\" \/>\n<meta property=\"og:url\" content=\"https:\/\/www.infiniment-luxe.com\/mentions-legales\/\" \/>\n<meta property=\"og:site_name\" content=\"infiniment luxe\" \/>\n<meta property=\"article:modified_time\" content=\"2020-04-01T13:02:26+00:00\" \/>\n<meta name=\"twitter:card\" content=\"summary_large_image\" \/>\n<meta name=\"twitter:label1\" content=\"Dur\u00e9e de lecture estim\u00e9e\" \/>\n\t<meta name=\"twitter:data1\" content=\"2 minutes\" \/>\n<script type=\"application\/ld+json\" class=\"yoast-schema-graph\">{\"@context\":\"https:\/\/schema.org\",\"@graph\":[{\"@type\":\"WebPage\",\"@id\":\"https:\/\/www.infiniment-luxe.com\/mentions-legales\/\",\"url\":\"https:\/\/www.infiniment-luxe.com\/mentions-legales\/\",\"name\":\"Mentions l\u00e9gales - infiniment luxe\",\"isPartOf\":{\"@id\":\"https:\/\/www.infiniment-luxe.com\/fr\/#website\"},\"datePublished\":\"2015-10-07T13:35:26+00:00\",\"dateModified\":\"2020-04-01T13:02:26+00:00\",\"breadcrumb\":{\"@id\":\"https:\/\/www.infiniment-luxe.com\/mentions-legales\/#breadcrumb\"},\"inLanguage\":\"fr-FR\",\"potentialAction\":[{\"@type\":\"ReadAction\",\"target\":[\"https:\/\/www.infiniment-luxe.com\/mentions-legales\/\"]}]},{\"@type\":\"BreadcrumbList\",\"@id\":\"https:\/\/www.infiniment-luxe.com\/mentions-legales\/#breadcrumb\",\"itemListElement\":[{\"@type\":\"ListItem\",\"position\":1,\"name\":\"Accueil\",\"item\":\"https:\/\/www.infiniment-luxe.com\/en\/\"},{\"@type\":\"ListItem\",\"position\":2,\"name\":\"Mentions l\u00e9gales\"}]},{\"@type\":\"WebSite\",\"@id\":\"https:\/\/www.infiniment-luxe.com\/fr\/#website\",\"url\":\"https:\/\/www.infiniment-luxe.com\/fr\/\",\"name\":\"infiniment luxe\",\"description\":\"La quintessence de l\u2019artisanat auvergnat.\",\"potentialAction\":[{\"@type\":\"SearchAction\",\"target\":{\"@type\":\"EntryPoint\",\"urlTemplate\":\"https:\/\/www.infiniment-luxe.com\/fr\/?s={search_term_string}\"},\"query-input\":{\"@type\":\"PropertyValueSpecification\",\"valueRequired\":true,\"valueName\":\"search_term_string\"}}],\"inLanguage\":\"fr-FR\"}]}<\/script>\n<!-- \/ Yoast SEO plugin. -->","yoast_head_json":{"title":"Mentions l\u00e9gales - infiniment luxe","robots":{"index":"noindex","follow":"nofollow"},"og_locale":"fr_FR","og_type":"article","og_title":"Mentions l\u00e9gales - infiniment luxe","og_description":"Propri\u00e9taire du site Internet : Infiniment Luxe CRMA Auvergne-Rh\u00f4ne-Alpes 10 rue Paul Montrochet 69002 Lyon Cr\u00e9ation\/conception graphique, d\u00e9veloppement du site internet : Agence de communication studio N\u00b03 1 rue Etienne M\u00e9dicis \u2013 43000 Le Puy-en-Velay 06 83 33 34 53 \u2013 www.studioN3.fr H\u00e9bergement : SAS OVH &#8211; 2 rue Kellermann &#8211; BP 80157 &#8211; 59100 [&hellip;]","og_url":"https:\/\/www.infiniment-luxe.com\/mentions-legales\/","og_site_name":"infiniment luxe","article_modified_time":"2020-04-01T13:02:26+00:00","twitter_card":"summary_large_image","twitter_misc":{"Dur\u00e9e de lecture estim\u00e9e":"2 minutes"},"schema":{"@context":"https:\/\/schema.org","@graph":[{"@type":"WebPage","@id":"https:\/\/www.infiniment-luxe.com\/mentions-legales\/","url":"https:\/\/www.infiniment-luxe.com\/mentions-legales\/","name":"Mentions l\u00e9gales - infiniment luxe","isPartOf":{"@id":"https:\/\/www.infiniment-luxe.com\/fr\/#website"},"datePublished":"2015-10-07T13:35:26+00:00","dateModified":"2020-04-01T13:02:26+00:00","breadcrumb":{"@id":"https:\/\/www.infiniment-luxe.com\/mentions-legales\/#breadcrumb"},"inLanguage":"fr-FR","potentialAction":[{"@type":"ReadAction","target":["https:\/\/www.infiniment-luxe.com\/mentions-legales\/"]}]},{"@type":"BreadcrumbList","@id":"https:\/\/www.infiniment-luxe.com\/mentions-legales\/#breadcrumb","itemListElement":[{"@type":"ListItem","position":1,"name":"Accueil","item":"https:\/\/www.infiniment-luxe.com\/en\/"},{"@type":"ListItem","position":2,"name":"Mentions l\u00e9gales"}]},{"@type":"WebSite","@id":"https:\/\/www.infiniment-luxe.com\/fr\/#website","url":"https:\/\/www.infiniment-luxe.com\/fr\/","name":"infiniment luxe","description":"La quintessence de l\u2019artisanat auvergnat.","potentialAction":[{"@type":"SearchAction","target":{"@type":"EntryPoint","urlTemplate":"https:\/\/www.infiniment-luxe.com\/fr\/?s={search_term_string}"},"query-input":{"@type":"PropertyValueSpecification","valueRequired":true,"valueName":"search_term_string"}}],"inLanguage":"fr-FR"}]}},"_links":{"self":[{"href":"https:\/\/www.infiniment-luxe.com\/fr\/wp-json\/wp\/v2\/pages\/126","targetHints":{"allow":["GET"]}}],"collection":[{"href":"https:\/\/www.infiniment-luxe.com\/fr\/wp-json\/wp\/v2\/pages"}],"about":[{"href":"https:\/\/www.infiniment-luxe.com\/fr\/wp-json\/wp\/v2\/types\/page"}],"author":[{"embeddable":true,"href":"https:\/\/www.infiniment-luxe.com\/fr\/wp-json\/wp\/v2\/users\/2"}],"replies":[{"embeddable":true,"href":"https:\/\/www.infiniment-luxe.com\/fr\/wp-json\/wp\/v2\/comments?post=126"}],"version-history":[{"count":17,"href":"https:\/\/www.infiniment-luxe.com\/fr\/wp-json\/wp\/v2\/pages\/126\/revisions"}],"predecessor-version":[{"id":967,"href":"https:\/\/www.infiniment-luxe.com\/fr\/wp-json\/wp\/v2\/pages\/126\/revisions\/967"}],"wp:attachment":[{"href":"https:\/\/www.infiniment-luxe.com\/fr\/wp-json\/wp\/v2\/media?parent=126"}],"curies":[{"name":"wp","href":"https:\/\/api.w.org\/{rel}","templated":true}]}}