{"id":121,"date":"2015-10-07T14:29:59","date_gmt":"2015-10-07T13:29:59","guid":{"rendered":"http:\/\/infinimemp.cluster005.ovh.net\/?page_id=121"},"modified":"2017-09-24T16:34:16","modified_gmt":"2017-09-24T15:34:16","slug":"alain-saint-joanis-couverts-haut-de-gamme","status":"publish","type":"page","link":"https:\/\/www.infiniment-luxe.com\/fr\/alain-saint-joanis-couverts-haut-de-gamme\/","title":{"rendered":"Alain Saint-Joanis"},"content":{"rendered":"<p>L\u2019\u00e9l\u00e9gance et le raffinement s\u2019invitent \u00e0 votre table avec des <strong>couverts haut de gamme<\/strong>. L\u2019\u00e9b\u00e8ne, le palissandre, le bois d\u2019amourette, l\u2019olivier ou le buis, tant de mati\u00e8res nobles qui ornent les cr\u00e9ations sign\u00e9es Alain Saint-Joanis.<\/p>\n<p>Depuis 1876, ce savoir-faire pour les couverts haut de gamme transmis de p\u00e8re en fils respecte la plus pure tradition de la coutellerie fran\u00e7aise. Alain Saint-Joanis propose des collections de couverts r\u00e9actualis\u00e9es et adapt\u00e9es \u00e0 notre quotidien, contemporaines et classiques, des fabrications en s\u00e9ries et des \u0153uvres d\u2019art sur-mesure.<\/p>\n<p>M\u00e9tal d\u2019orf\u00e8vrerie, dorure \u00e0 l\u2019or fin, argent, inox, la quintessence de la qualit\u00e9 couteli\u00e8re et de <a href=\"https:\/\/www.infiniment-luxe.com\/fr\/\">l&rsquo;artisanat de luxe<\/a> pour la garantie d\u2019un haut de gamme justifi\u00e9.<\/p>\n","protected":false},"excerpt":{"rendered":"<p>L\u2019\u00e9l\u00e9gance et le raffinement s\u2019invitent \u00e0 votre table avec des couverts haut de gamme. L\u2019\u00e9b\u00e8ne, le palissandre, le bois d\u2019amourette, l\u2019olivier ou le buis, tant de mati\u00e8res nobles qui ornent les cr\u00e9ations sign\u00e9es Alain Saint-Joanis. Depuis 1876, ce savoir-faire pour les couverts haut de gamme transmis de p\u00e8re en fils respecte la plus pure tradition [&hellip;]<\/p>\n","protected":false},"author":2,"featured_media":305,"parent":0,"menu_order":0,"comment_status":"closed","ping_status":"closed","template":"","meta":{"_acf_changed":false,"footnotes":""},"class_list":["post-121","page","type-page","status-publish","has-post-thumbnail","hentry"],"acf":[],"yoast_head":"<!-- This site is optimized with the Yoast SEO plugin v26.8 - https:\/\/yoast.com\/product\/yoast-seo-wordpress\/ -->\n<title>Couverts haut de gamme Alain Saint-Joanis - infiniment luxe<\/title>\n<meta name=\"description\" content=\"Depuis 1876, le savoir-faire Alain Saint-Joanis pour les couverts haut de gamme respecte la plus pure tradition de la coutellerie fran\u00e7aise avec raffinement\" \/>\n<meta name=\"robots\" content=\"index, follow, max-snippet:-1, max-image-preview:large, max-video-preview:-1\" \/>\n<link rel=\"canonical\" href=\"https:\/\/www.infiniment-luxe.com\/alain-saint-joanis-couverts-haut-de-gamme\/\" \/>\n<meta property=\"og:locale\" content=\"fr_FR\" \/>\n<meta property=\"og:type\" content=\"article\" \/>\n<meta property=\"og:title\" content=\"Couverts haut de gamme Alain Saint-Joanis - infiniment luxe\" \/>\n<meta property=\"og:description\" content=\"Depuis 1876, le savoir-faire Alain Saint-Joanis pour les couverts haut de gamme respecte la plus pure tradition de la coutellerie fran\u00e7aise avec raffinement\" \/>\n<meta property=\"og:url\" content=\"https:\/\/www.infiniment-luxe.com\/alain-saint-joanis-couverts-haut-de-gamme\/\" \/>\n<meta property=\"og:site_name\" content=\"infiniment luxe\" \/>\n<meta property=\"article:modified_time\" content=\"2017-09-24T15:34:16+00:00\" \/>\n<meta property=\"og:image\" content=\"https:\/\/www.infiniment-luxe.com\/wp-content\/uploads\/2015\/10\/coutellerie-exception-haut-de-gamme.jpg\" \/>\n\t<meta property=\"og:image:width\" content=\"200\" \/>\n\t<meta property=\"og:image:height\" content=\"200\" \/>\n\t<meta property=\"og:image:type\" content=\"image\/jpeg\" \/>\n<meta name=\"twitter:card\" content=\"summary_large_image\" \/>\n<meta name=\"twitter:label1\" content=\"Dur\u00e9e de lecture estim\u00e9e\" \/>\n\t<meta name=\"twitter:data1\" content=\"1 minute\" \/>\n<script type=\"application\/ld+json\" class=\"yoast-schema-graph\">{\"@context\":\"https:\/\/schema.org\",\"@graph\":[{\"@type\":\"WebPage\",\"@id\":\"https:\/\/www.infiniment-luxe.com\/alain-saint-joanis-couverts-haut-de-gamme\/\",\"url\":\"https:\/\/www.infiniment-luxe.com\/alain-saint-joanis-couverts-haut-de-gamme\/\",\"name\":\"Couverts haut de gamme Alain Saint-Joanis - infiniment luxe\",\"isPartOf\":{\"@id\":\"https:\/\/www.infiniment-luxe.com\/fr\/#website\"},\"primaryImageOfPage\":{\"@id\":\"https:\/\/www.infiniment-luxe.com\/alain-saint-joanis-couverts-haut-de-gamme\/#primaryimage\"},\"image\":{\"@id\":\"https:\/\/www.infiniment-luxe.com\/alain-saint-joanis-couverts-haut-de-gamme\/#primaryimage\"},\"thumbnailUrl\":\"https:\/\/www.infiniment-luxe.com\/wp-content\/uploads\/2015\/10\/coutellerie-exception-haut-de-gamme.jpg\",\"datePublished\":\"2015-10-07T13:29:59+00:00\",\"dateModified\":\"2017-09-24T15:34:16+00:00\",\"description\":\"Depuis 1876, le savoir-faire Alain Saint-Joanis pour les couverts haut de gamme respecte la plus pure tradition de la coutellerie fran\u00e7aise avec raffinement\",\"breadcrumb\":{\"@id\":\"https:\/\/www.infiniment-luxe.com\/alain-saint-joanis-couverts-haut-de-gamme\/#breadcrumb\"},\"inLanguage\":\"fr-FR\",\"potentialAction\":[{\"@type\":\"ReadAction\",\"target\":[\"https:\/\/www.infiniment-luxe.com\/alain-saint-joanis-couverts-haut-de-gamme\/\"]}]},{\"@type\":\"ImageObject\",\"inLanguage\":\"fr-FR\",\"@id\":\"https:\/\/www.infiniment-luxe.com\/alain-saint-joanis-couverts-haut-de-gamme\/#primaryimage\",\"url\":\"https:\/\/www.infiniment-luxe.com\/wp-content\/uploads\/2015\/10\/coutellerie-exception-haut-de-gamme.jpg\",\"contentUrl\":\"https:\/\/www.infiniment-luxe.com\/wp-content\/uploads\/2015\/10\/coutellerie-exception-haut-de-gamme.jpg\",\"width\":200,\"height\":200,\"caption\":\"Couverts haut de gamme\"},{\"@type\":\"BreadcrumbList\",\"@id\":\"https:\/\/www.infiniment-luxe.com\/alain-saint-joanis-couverts-haut-de-gamme\/#breadcrumb\",\"itemListElement\":[{\"@type\":\"ListItem\",\"position\":1,\"name\":\"Accueil\",\"item\":\"https:\/\/www.infiniment-luxe.com\/en\/\"},{\"@type\":\"ListItem\",\"position\":2,\"name\":\"Alain Saint-Joanis\"}]},{\"@type\":\"WebSite\",\"@id\":\"https:\/\/www.infiniment-luxe.com\/fr\/#website\",\"url\":\"https:\/\/www.infiniment-luxe.com\/fr\/\",\"name\":\"infiniment luxe\",\"description\":\"La quintessence de l\u2019artisanat auvergnat.\",\"potentialAction\":[{\"@type\":\"SearchAction\",\"target\":{\"@type\":\"EntryPoint\",\"urlTemplate\":\"https:\/\/www.infiniment-luxe.com\/fr\/?s={search_term_string}\"},\"query-input\":{\"@type\":\"PropertyValueSpecification\",\"valueRequired\":true,\"valueName\":\"search_term_string\"}}],\"inLanguage\":\"fr-FR\"}]}<\/script>\n<!-- \/ Yoast SEO plugin. -->","yoast_head_json":{"title":"Couverts haut de gamme Alain Saint-Joanis - infiniment luxe","description":"Depuis 1876, le savoir-faire Alain Saint-Joanis pour les couverts haut de gamme respecte la plus pure tradition de la coutellerie fran\u00e7aise avec raffinement","robots":{"index":"index","follow":"follow","max-snippet":"max-snippet:-1","max-image-preview":"max-image-preview:large","max-video-preview":"max-video-preview:-1"},"canonical":"https:\/\/www.infiniment-luxe.com\/alain-saint-joanis-couverts-haut-de-gamme\/","og_locale":"fr_FR","og_type":"article","og_title":"Couverts haut de gamme Alain Saint-Joanis - infiniment luxe","og_description":"Depuis 1876, le savoir-faire Alain Saint-Joanis pour les couverts haut de gamme respecte la plus pure tradition de la coutellerie fran\u00e7aise avec raffinement","og_url":"https:\/\/www.infiniment-luxe.com\/alain-saint-joanis-couverts-haut-de-gamme\/","og_site_name":"infiniment luxe","article_modified_time":"2017-09-24T15:34:16+00:00","og_image":[{"width":200,"height":200,"url":"https:\/\/www.infiniment-luxe.com\/wp-content\/uploads\/2015\/10\/coutellerie-exception-haut-de-gamme.jpg","type":"image\/jpeg"}],"twitter_card":"summary_large_image","twitter_misc":{"Dur\u00e9e de lecture estim\u00e9e":"1 minute"},"schema":{"@context":"https:\/\/schema.org","@graph":[{"@type":"WebPage","@id":"https:\/\/www.infiniment-luxe.com\/alain-saint-joanis-couverts-haut-de-gamme\/","url":"https:\/\/www.infiniment-luxe.com\/alain-saint-joanis-couverts-haut-de-gamme\/","name":"Couverts haut de gamme Alain Saint-Joanis - infiniment luxe","isPartOf":{"@id":"https:\/\/www.infiniment-luxe.com\/fr\/#website"},"primaryImageOfPage":{"@id":"https:\/\/www.infiniment-luxe.com\/alain-saint-joanis-couverts-haut-de-gamme\/#primaryimage"},"image":{"@id":"https:\/\/www.infiniment-luxe.com\/alain-saint-joanis-couverts-haut-de-gamme\/#primaryimage"},"thumbnailUrl":"https:\/\/www.infiniment-luxe.com\/wp-content\/uploads\/2015\/10\/coutellerie-exception-haut-de-gamme.jpg","datePublished":"2015-10-07T13:29:59+00:00","dateModified":"2017-09-24T15:34:16+00:00","description":"Depuis 1876, le savoir-faire Alain Saint-Joanis pour les couverts haut de gamme respecte la plus pure tradition de la coutellerie fran\u00e7aise avec raffinement","breadcrumb":{"@id":"https:\/\/www.infiniment-luxe.com\/alain-saint-joanis-couverts-haut-de-gamme\/#breadcrumb"},"inLanguage":"fr-FR","potentialAction":[{"@type":"ReadAction","target":["https:\/\/www.infiniment-luxe.com\/alain-saint-joanis-couverts-haut-de-gamme\/"]}]},{"@type":"ImageObject","inLanguage":"fr-FR","@id":"https:\/\/www.infiniment-luxe.com\/alain-saint-joanis-couverts-haut-de-gamme\/#primaryimage","url":"https:\/\/www.infiniment-luxe.com\/wp-content\/uploads\/2015\/10\/coutellerie-exception-haut-de-gamme.jpg","contentUrl":"https:\/\/www.infiniment-luxe.com\/wp-content\/uploads\/2015\/10\/coutellerie-exception-haut-de-gamme.jpg","width":200,"height":200,"caption":"Couverts haut de gamme"},{"@type":"BreadcrumbList","@id":"https:\/\/www.infiniment-luxe.com\/alain-saint-joanis-couverts-haut-de-gamme\/#breadcrumb","itemListElement":[{"@type":"ListItem","position":1,"name":"Accueil","item":"https:\/\/www.infiniment-luxe.com\/en\/"},{"@type":"ListItem","position":2,"name":"Alain Saint-Joanis"}]},{"@type":"WebSite","@id":"https:\/\/www.infiniment-luxe.com\/fr\/#website","url":"https:\/\/www.infiniment-luxe.com\/fr\/","name":"infiniment luxe","description":"La quintessence de l\u2019artisanat auvergnat.","potentialAction":[{"@type":"SearchAction","target":{"@type":"EntryPoint","urlTemplate":"https:\/\/www.infiniment-luxe.com\/fr\/?s={search_term_string}"},"query-input":{"@type":"PropertyValueSpecification","valueRequired":true,"valueName":"search_term_string"}}],"inLanguage":"fr-FR"}]}},"_links":{"self":[{"href":"https:\/\/www.infiniment-luxe.com\/fr\/wp-json\/wp\/v2\/pages\/121","targetHints":{"allow":["GET"]}}],"collection":[{"href":"https:\/\/www.infiniment-luxe.com\/fr\/wp-json\/wp\/v2\/pages"}],"about":[{"href":"https:\/\/www.infiniment-luxe.com\/fr\/wp-json\/wp\/v2\/types\/page"}],"author":[{"embeddable":true,"href":"https:\/\/www.infiniment-luxe.com\/fr\/wp-json\/wp\/v2\/users\/2"}],"replies":[{"embeddable":true,"href":"https:\/\/www.infiniment-luxe.com\/fr\/wp-json\/wp\/v2\/comments?post=121"}],"version-history":[{"count":16,"href":"https:\/\/www.infiniment-luxe.com\/fr\/wp-json\/wp\/v2\/pages\/121\/revisions"}],"predecessor-version":[{"id":532,"href":"https:\/\/www.infiniment-luxe.com\/fr\/wp-json\/wp\/v2\/pages\/121\/revisions\/532"}],"wp:featuredmedia":[{"embeddable":true,"href":"https:\/\/www.infiniment-luxe.com\/fr\/wp-json\/wp\/v2\/media\/305"}],"wp:attachment":[{"href":"https:\/\/www.infiniment-luxe.com\/fr\/wp-json\/wp\/v2\/media?parent=121"}],"curies":[{"name":"wp","href":"https:\/\/api.w.org\/{rel}","templated":true}]}}