{"id":68,"date":"2015-09-29T15:20:31","date_gmt":"2015-09-29T14:20:31","guid":{"rendered":"http:\/\/infinimemp.cluster005.ovh.net\/\/?page_id=68"},"modified":"2024-10-03T10:33:31","modified_gmt":"2024-10-03T09:33:31","slug":"accueil","status":"publish","type":"page","link":"https:\/\/www.infiniment-luxe.com\/en\/","title":{"rendered":"Accueil"},"content":{"rendered":"<div style=\"color: #ffffff; text-align: center;\">Links\uff1a<\/div>\n","protected":false},"excerpt":{"rendered":"<p>Links\uff1a<\/p>\n","protected":false},"author":1,"featured_media":0,"parent":0,"menu_order":0,"comment_status":"closed","ping_status":"closed","template":"accueil.php","meta":{"_acf_changed":false,"footnotes":""},"class_list":["post-68","page","type-page","status-publish","hentry"],"acf":[],"yoast_head":"<!-- This site is optimized with the Yoast SEO plugin v26.8 - https:\/\/yoast.com\/product\/yoast-seo-wordpress\/ -->\n<title>Infiniment luxe : artisanat de luxe made in France<\/title>\n<meta name=\"description\" content=\"Infiniment luxe situ\u00e9 en Rh\u00f4ne-Alpes (69) Auvergne (63) pr\u00e9sente des produits haut de gamme de fabrication fran\u00e7aise alliant savoir-faire et tradition.\" \/>\n<meta name=\"robots\" content=\"index, follow, max-snippet:-1, max-image-preview:large, max-video-preview:-1\" \/>\n<link rel=\"canonical\" href=\"https:\/\/www.infiniment-luxe.com\/en\/\" \/>\n<meta property=\"og:locale\" content=\"en_GB\" \/>\n<meta property=\"og:type\" content=\"article\" \/>\n<meta property=\"og:title\" content=\"Infiniment luxe : artisanat de luxe made in France\" \/>\n<meta property=\"og:description\" content=\"Infiniment luxe situ\u00e9 en Rh\u00f4ne-Alpes (69) Auvergne (63) pr\u00e9sente des produits haut de gamme de fabrication fran\u00e7aise alliant savoir-faire et tradition.\" \/>\n<meta property=\"og:url\" content=\"https:\/\/www.infiniment-luxe.com\/en\/\" \/>\n<meta property=\"og:site_name\" content=\"infiniment luxe\" \/>\n<meta property=\"article:modified_time\" content=\"2024-10-03T09:33:31+00:00\" \/>\n<meta name=\"twitter:card\" content=\"summary_large_image\" \/>\n<script type=\"application\/ld+json\" class=\"yoast-schema-graph\">{\"@context\":\"https:\/\/schema.org\",\"@graph\":[{\"@type\":\"WebPage\",\"@id\":\"https:\/\/www.infiniment-luxe.com\/en\/\",\"url\":\"https:\/\/www.infiniment-luxe.com\/en\/\",\"name\":\"Infiniment luxe : artisanat de luxe made in France\",\"isPartOf\":{\"@id\":\"https:\/\/www.infiniment-luxe.com\/fr\/#website\"},\"datePublished\":\"2015-09-29T14:20:31+00:00\",\"dateModified\":\"2024-10-03T09:33:31+00:00\",\"description\":\"Infiniment luxe situ\u00e9 en Rh\u00f4ne-Alpes (69) Auvergne (63) pr\u00e9sente des produits haut de gamme de fabrication fran\u00e7aise alliant savoir-faire et tradition.\",\"breadcrumb\":{\"@id\":\"https:\/\/www.infiniment-luxe.com\/en\/#breadcrumb\"},\"inLanguage\":\"en-GB\",\"potentialAction\":[{\"@type\":\"ReadAction\",\"target\":[\"https:\/\/www.infiniment-luxe.com\/en\/\"]}]},{\"@type\":\"BreadcrumbList\",\"@id\":\"https:\/\/www.infiniment-luxe.com\/en\/#breadcrumb\",\"itemListElement\":[{\"@type\":\"ListItem\",\"position\":1,\"name\":\"Accueil\",\"item\":\"https:\/\/www.infiniment-luxe.com\/en\/\"},{\"@type\":\"ListItem\",\"position\":2,\"name\":\"Accueil\"}]},{\"@type\":\"WebSite\",\"@id\":\"https:\/\/www.infiniment-luxe.com\/fr\/#website\",\"url\":\"https:\/\/www.infiniment-luxe.com\/fr\/\",\"name\":\"infiniment luxe\",\"description\":\"La quintessence de l\u2019artisanat auvergnat.\",\"potentialAction\":[{\"@type\":\"SearchAction\",\"target\":{\"@type\":\"EntryPoint\",\"urlTemplate\":\"https:\/\/www.infiniment-luxe.com\/fr\/?s={search_term_string}\"},\"query-input\":{\"@type\":\"PropertyValueSpecification\",\"valueRequired\":true,\"valueName\":\"search_term_string\"}}],\"inLanguage\":\"en-GB\"}]}<\/script>\n<!-- \/ Yoast SEO plugin. -->","yoast_head_json":{"title":"Infiniment luxe : artisanat de luxe made in France","description":"Infiniment luxe situ\u00e9 en Rh\u00f4ne-Alpes (69) Auvergne (63) pr\u00e9sente des produits haut de gamme de fabrication fran\u00e7aise alliant savoir-faire et tradition.","robots":{"index":"index","follow":"follow","max-snippet":"max-snippet:-1","max-image-preview":"max-image-preview:large","max-video-preview":"max-video-preview:-1"},"canonical":"https:\/\/www.infiniment-luxe.com\/en\/","og_locale":"en_GB","og_type":"article","og_title":"Infiniment luxe : artisanat de luxe made in France","og_description":"Infiniment luxe situ\u00e9 en Rh\u00f4ne-Alpes (69) Auvergne (63) pr\u00e9sente des produits haut de gamme de fabrication fran\u00e7aise alliant savoir-faire et tradition.","og_url":"https:\/\/www.infiniment-luxe.com\/en\/","og_site_name":"infiniment luxe","article_modified_time":"2024-10-03T09:33:31+00:00","twitter_card":"summary_large_image","schema":{"@context":"https:\/\/schema.org","@graph":[{"@type":"WebPage","@id":"https:\/\/www.infiniment-luxe.com\/en\/","url":"https:\/\/www.infiniment-luxe.com\/en\/","name":"Infiniment luxe : artisanat de luxe made in France","isPartOf":{"@id":"https:\/\/www.infiniment-luxe.com\/fr\/#website"},"datePublished":"2015-09-29T14:20:31+00:00","dateModified":"2024-10-03T09:33:31+00:00","description":"Infiniment luxe situ\u00e9 en Rh\u00f4ne-Alpes (69) Auvergne (63) pr\u00e9sente des produits haut de gamme de fabrication fran\u00e7aise alliant savoir-faire et tradition.","breadcrumb":{"@id":"https:\/\/www.infiniment-luxe.com\/en\/#breadcrumb"},"inLanguage":"en-GB","potentialAction":[{"@type":"ReadAction","target":["https:\/\/www.infiniment-luxe.com\/en\/"]}]},{"@type":"BreadcrumbList","@id":"https:\/\/www.infiniment-luxe.com\/en\/#breadcrumb","itemListElement":[{"@type":"ListItem","position":1,"name":"Accueil","item":"https:\/\/www.infiniment-luxe.com\/en\/"},{"@type":"ListItem","position":2,"name":"Accueil"}]},{"@type":"WebSite","@id":"https:\/\/www.infiniment-luxe.com\/fr\/#website","url":"https:\/\/www.infiniment-luxe.com\/fr\/","name":"infiniment luxe","description":"La quintessence de l\u2019artisanat auvergnat.","potentialAction":[{"@type":"SearchAction","target":{"@type":"EntryPoint","urlTemplate":"https:\/\/www.infiniment-luxe.com\/fr\/?s={search_term_string}"},"query-input":{"@type":"PropertyValueSpecification","valueRequired":true,"valueName":"search_term_string"}}],"inLanguage":"en-GB"}]}},"_links":{"self":[{"href":"https:\/\/www.infiniment-luxe.com\/en\/wp-json\/wp\/v2\/pages\/68","targetHints":{"allow":["GET"]}}],"collection":[{"href":"https:\/\/www.infiniment-luxe.com\/en\/wp-json\/wp\/v2\/pages"}],"about":[{"href":"https:\/\/www.infiniment-luxe.com\/en\/wp-json\/wp\/v2\/types\/page"}],"author":[{"embeddable":true,"href":"https:\/\/www.infiniment-luxe.com\/en\/wp-json\/wp\/v2\/users\/1"}],"replies":[{"embeddable":true,"href":"https:\/\/www.infiniment-luxe.com\/en\/wp-json\/wp\/v2\/comments?post=68"}],"version-history":[{"count":22,"href":"https:\/\/www.infiniment-luxe.com\/en\/wp-json\/wp\/v2\/pages\/68\/revisions"}],"predecessor-version":[{"id":1197,"href":"https:\/\/www.infiniment-luxe.com\/en\/wp-json\/wp\/v2\/pages\/68\/revisions\/1197"}],"wp:attachment":[{"href":"https:\/\/www.infiniment-luxe.com\/en\/wp-json\/wp\/v2\/media?parent=68"}],"curies":[{"name":"wp","href":"https:\/\/api.w.org\/{rel}","templated":true}]}}