{"id":557,"date":"2017-10-16T13:47:36","date_gmt":"2017-10-16T12:47:36","guid":{"rendered":"https:\/\/www.infiniment-luxe.com\/?page_id=557"},"modified":"2017-10-25T10:56:48","modified_gmt":"2017-10-25T09:56:48","slug":"conservation-restauration-patrimoine-bati","status":"publish","type":"page","link":"https:\/\/www.infiniment-luxe.com\/fr\/conservation-restauration-patrimoine-bati\/","title":{"rendered":"Conservation et restauration de patrimoine"},"content":{"rendered":"<p>La conservation du patrimoine est aujourd&#8217;hui essentielle dans une optique de lien entre public et \u0153uvres. Conserver le patrimoine, c&#8217;est le mettre en valeur afin de construire une m\u00e9moire collective.<\/p>\n<p>V\u00e9ritable m\u00e9tier aux contours larges, la restauration du patrimoine b\u00e2ti demande une technicit\u00e9 irr\u00e9prochable ainsi qu&#8217;une connaissance experte de notre riche patrimoine fran\u00e7ais.<\/p>\n<p>Travail artisanal par excellence, la restauration de patrimoine architectural requiert une exigence et un savoir-faire traditionnel \u00e0 la fran\u00e7aise.<\/p>\n<p>&nbsp;<\/p>\n<p>Infiniment Luxe, association cr\u00e9\u00e9e par la CCI Auvergne, a pour volont\u00e9 principale d&#8217;allier des professionnels d&#8217;exception dont l&#8217;artisanat de luxe est le fer de lance. L&#8217;association regroupe des entreprises de luxe qui ont pour d\u00e9marche commune\u00a0: l&#8217;exigence.<\/p>\n<p>Louis Geneste, sp\u00e9cialiste en restauration de b\u00e2ti ancien, est le digne h\u00e9ritier d&#8217;une famille de tailleurs de pierre depuis quatre g\u00e9n\u00e9rations. Projets prestigieux, m\u00e9lange de modernit\u00e9 et de tradition, \u00e9quipe de sp\u00e9cialistes de la pierre, Louis Geneste repr\u00e9sente la quintessence de l&#8217;artisanat \u00e0 la fran\u00e7aise.<\/p>\n<p>&nbsp;<\/p>\n<p>V\u00e9ritable orf\u00e8vre du patrimoine, l&#8217;entreprise excelle dans la taille de pierre ou encore le diagnostic des pathologies de la pierre et leurs rem\u00e8des. Ce chef d&#8217;orchestre poss\u00e8de un savoir-faire qui redonne vie \u00e0 notre plus beau patrimoine fran\u00e7ais.<\/p>\n","protected":false},"excerpt":{"rendered":"<p>La conservation du patrimoine est aujourd&#8217;hui essentielle dans une optique de lien entre public et \u0153uvres. Conserver le patrimoine, c&#8217;est le mettre en valeur afin de construire une m\u00e9moire collective. V\u00e9ritable m\u00e9tier aux contours larges, la restauration du patrimoine b\u00e2ti demande une technicit\u00e9 irr\u00e9prochable ainsi qu&#8217;une connaissance experte de notre riche patrimoine fran\u00e7ais. Travail artisanal [&hellip;]<\/p>\n","protected":false},"author":1,"featured_media":451,"parent":0,"menu_order":0,"comment_status":"closed","ping_status":"closed","template":"","meta":{"_acf_changed":false,"footnotes":""},"class_list":["post-557","page","type-page","status-publish","has-post-thumbnail","hentry"],"acf":[],"yoast_head":"<!-- This site is optimized with the Yoast SEO plugin v26.8 - https:\/\/yoast.com\/product\/yoast-seo-wordpress\/ -->\n<title>Conservation et restauration de patrimoine - infiniment luxe<\/title>\n<meta name=\"description\" content=\"La France dispose d\u2019un patrimoine b\u00e2ti d\u2019exception. La marque Louis Geneste travaille sur des projets prestigieux pour embellir et restaurer le patrimoine \u00e0 la fran\u00e7aise\" \/>\n<meta name=\"robots\" content=\"index, follow, max-snippet:-1, max-image-preview:large, max-video-preview:-1\" \/>\n<link rel=\"canonical\" href=\"https:\/\/www.infiniment-luxe.com\/conservation-restauration-patrimoine-bati\/\" \/>\n<meta property=\"og:locale\" content=\"en_GB\" \/>\n<meta property=\"og:type\" content=\"article\" \/>\n<meta property=\"og:title\" content=\"Conservation et restauration de patrimoine - infiniment luxe\" \/>\n<meta property=\"og:description\" content=\"La France dispose d\u2019un patrimoine b\u00e2ti d\u2019exception. La marque Louis Geneste travaille sur des projets prestigieux pour embellir et restaurer le patrimoine \u00e0 la fran\u00e7aise\" \/>\n<meta property=\"og:url\" content=\"https:\/\/www.infiniment-luxe.com\/conservation-restauration-patrimoine-bati\/\" \/>\n<meta property=\"og:site_name\" content=\"infiniment luxe\" \/>\n<meta property=\"article:modified_time\" content=\"2017-10-25T09:56:48+00:00\" \/>\n<meta property=\"og:image\" content=\"https:\/\/www.infiniment-luxe.com\/wp-content\/uploads\/2015\/10\/Louis-Geneste-restauration-patrimoine-bati-ancien-sculpture-pierre.jpg\" \/>\n\t<meta property=\"og:image:width\" content=\"200\" \/>\n\t<meta property=\"og:image:height\" content=\"200\" \/>\n\t<meta property=\"og:image:type\" content=\"image\/jpeg\" \/>\n<meta name=\"twitter:card\" content=\"summary_large_image\" \/>\n<meta name=\"twitter:label1\" content=\"Est. reading time\" \/>\n\t<meta name=\"twitter:data1\" content=\"1 minute\" \/>\n<script type=\"application\/ld+json\" class=\"yoast-schema-graph\">{\"@context\":\"https:\/\/schema.org\",\"@graph\":[{\"@type\":\"WebPage\",\"@id\":\"https:\/\/www.infiniment-luxe.com\/conservation-restauration-patrimoine-bati\/\",\"url\":\"https:\/\/www.infiniment-luxe.com\/conservation-restauration-patrimoine-bati\/\",\"name\":\"Conservation et restauration de patrimoine - infiniment luxe\",\"isPartOf\":{\"@id\":\"https:\/\/www.infiniment-luxe.com\/fr\/#website\"},\"primaryImageOfPage\":{\"@id\":\"https:\/\/www.infiniment-luxe.com\/conservation-restauration-patrimoine-bati\/#primaryimage\"},\"image\":{\"@id\":\"https:\/\/www.infiniment-luxe.com\/conservation-restauration-patrimoine-bati\/#primaryimage\"},\"thumbnailUrl\":\"https:\/\/www.infiniment-luxe.com\/wp-content\/uploads\/2015\/10\/Louis-Geneste-restauration-patrimoine-bati-ancien-sculpture-pierre.jpg\",\"datePublished\":\"2017-10-16T12:47:36+00:00\",\"dateModified\":\"2017-10-25T09:56:48+00:00\",\"description\":\"La France dispose d\u2019un patrimoine b\u00e2ti d\u2019exception. La marque Louis Geneste travaille sur des projets prestigieux pour embellir et restaurer le patrimoine \u00e0 la fran\u00e7aise\",\"breadcrumb\":{\"@id\":\"https:\/\/www.infiniment-luxe.com\/conservation-restauration-patrimoine-bati\/#breadcrumb\"},\"inLanguage\":\"en-GB\",\"potentialAction\":[{\"@type\":\"ReadAction\",\"target\":[\"https:\/\/www.infiniment-luxe.com\/conservation-restauration-patrimoine-bati\/\"]}]},{\"@type\":\"ImageObject\",\"inLanguage\":\"en-GB\",\"@id\":\"https:\/\/www.infiniment-luxe.com\/conservation-restauration-patrimoine-bati\/#primaryimage\",\"url\":\"https:\/\/www.infiniment-luxe.com\/wp-content\/uploads\/2015\/10\/Louis-Geneste-restauration-patrimoine-bati-ancien-sculpture-pierre.jpg\",\"contentUrl\":\"https:\/\/www.infiniment-luxe.com\/wp-content\/uploads\/2015\/10\/Louis-Geneste-restauration-patrimoine-bati-ancien-sculpture-pierre.jpg\",\"width\":200,\"height\":200,\"caption\":\"Louis Geneste, restauration de patrimoine b\u00e2ti ancien et sculpture de pierre en France\"},{\"@type\":\"BreadcrumbList\",\"@id\":\"https:\/\/www.infiniment-luxe.com\/conservation-restauration-patrimoine-bati\/#breadcrumb\",\"itemListElement\":[{\"@type\":\"ListItem\",\"position\":1,\"name\":\"Accueil\",\"item\":\"https:\/\/www.infiniment-luxe.com\/en\/\"},{\"@type\":\"ListItem\",\"position\":2,\"name\":\"Conservation et restauration de patrimoine\"}]},{\"@type\":\"WebSite\",\"@id\":\"https:\/\/www.infiniment-luxe.com\/fr\/#website\",\"url\":\"https:\/\/www.infiniment-luxe.com\/fr\/\",\"name\":\"infiniment luxe\",\"description\":\"La quintessence de l\u2019artisanat auvergnat.\",\"potentialAction\":[{\"@type\":\"SearchAction\",\"target\":{\"@type\":\"EntryPoint\",\"urlTemplate\":\"https:\/\/www.infiniment-luxe.com\/fr\/?s={search_term_string}\"},\"query-input\":{\"@type\":\"PropertyValueSpecification\",\"valueRequired\":true,\"valueName\":\"search_term_string\"}}],\"inLanguage\":\"en-GB\"}]}<\/script>\n<!-- \/ Yoast SEO plugin. -->","yoast_head_json":{"title":"Conservation et restauration de patrimoine - infiniment luxe","description":"La France dispose d\u2019un patrimoine b\u00e2ti d\u2019exception. La marque Louis Geneste travaille sur des projets prestigieux pour embellir et restaurer le patrimoine \u00e0 la fran\u00e7aise","robots":{"index":"index","follow":"follow","max-snippet":"max-snippet:-1","max-image-preview":"max-image-preview:large","max-video-preview":"max-video-preview:-1"},"canonical":"https:\/\/www.infiniment-luxe.com\/conservation-restauration-patrimoine-bati\/","og_locale":"en_GB","og_type":"article","og_title":"Conservation et restauration de patrimoine - infiniment luxe","og_description":"La France dispose d\u2019un patrimoine b\u00e2ti d\u2019exception. La marque Louis Geneste travaille sur des projets prestigieux pour embellir et restaurer le patrimoine \u00e0 la fran\u00e7aise","og_url":"https:\/\/www.infiniment-luxe.com\/conservation-restauration-patrimoine-bati\/","og_site_name":"infiniment luxe","article_modified_time":"2017-10-25T09:56:48+00:00","og_image":[{"width":200,"height":200,"url":"https:\/\/www.infiniment-luxe.com\/wp-content\/uploads\/2015\/10\/Louis-Geneste-restauration-patrimoine-bati-ancien-sculpture-pierre.jpg","type":"image\/jpeg"}],"twitter_card":"summary_large_image","twitter_misc":{"Est. reading time":"1 minute"},"schema":{"@context":"https:\/\/schema.org","@graph":[{"@type":"WebPage","@id":"https:\/\/www.infiniment-luxe.com\/conservation-restauration-patrimoine-bati\/","url":"https:\/\/www.infiniment-luxe.com\/conservation-restauration-patrimoine-bati\/","name":"Conservation et restauration de patrimoine - infiniment luxe","isPartOf":{"@id":"https:\/\/www.infiniment-luxe.com\/fr\/#website"},"primaryImageOfPage":{"@id":"https:\/\/www.infiniment-luxe.com\/conservation-restauration-patrimoine-bati\/#primaryimage"},"image":{"@id":"https:\/\/www.infiniment-luxe.com\/conservation-restauration-patrimoine-bati\/#primaryimage"},"thumbnailUrl":"https:\/\/www.infiniment-luxe.com\/wp-content\/uploads\/2015\/10\/Louis-Geneste-restauration-patrimoine-bati-ancien-sculpture-pierre.jpg","datePublished":"2017-10-16T12:47:36+00:00","dateModified":"2017-10-25T09:56:48+00:00","description":"La France dispose d\u2019un patrimoine b\u00e2ti d\u2019exception. La marque Louis Geneste travaille sur des projets prestigieux pour embellir et restaurer le patrimoine \u00e0 la fran\u00e7aise","breadcrumb":{"@id":"https:\/\/www.infiniment-luxe.com\/conservation-restauration-patrimoine-bati\/#breadcrumb"},"inLanguage":"en-GB","potentialAction":[{"@type":"ReadAction","target":["https:\/\/www.infiniment-luxe.com\/conservation-restauration-patrimoine-bati\/"]}]},{"@type":"ImageObject","inLanguage":"en-GB","@id":"https:\/\/www.infiniment-luxe.com\/conservation-restauration-patrimoine-bati\/#primaryimage","url":"https:\/\/www.infiniment-luxe.com\/wp-content\/uploads\/2015\/10\/Louis-Geneste-restauration-patrimoine-bati-ancien-sculpture-pierre.jpg","contentUrl":"https:\/\/www.infiniment-luxe.com\/wp-content\/uploads\/2015\/10\/Louis-Geneste-restauration-patrimoine-bati-ancien-sculpture-pierre.jpg","width":200,"height":200,"caption":"Louis Geneste, restauration de patrimoine b\u00e2ti ancien et sculpture de pierre en France"},{"@type":"BreadcrumbList","@id":"https:\/\/www.infiniment-luxe.com\/conservation-restauration-patrimoine-bati\/#breadcrumb","itemListElement":[{"@type":"ListItem","position":1,"name":"Accueil","item":"https:\/\/www.infiniment-luxe.com\/en\/"},{"@type":"ListItem","position":2,"name":"Conservation et restauration de patrimoine"}]},{"@type":"WebSite","@id":"https:\/\/www.infiniment-luxe.com\/fr\/#website","url":"https:\/\/www.infiniment-luxe.com\/fr\/","name":"infiniment luxe","description":"La quintessence de l\u2019artisanat auvergnat.","potentialAction":[{"@type":"SearchAction","target":{"@type":"EntryPoint","urlTemplate":"https:\/\/www.infiniment-luxe.com\/fr\/?s={search_term_string}"},"query-input":{"@type":"PropertyValueSpecification","valueRequired":true,"valueName":"search_term_string"}}],"inLanguage":"en-GB"}]}},"_links":{"self":[{"href":"https:\/\/www.infiniment-luxe.com\/en\/wp-json\/wp\/v2\/pages\/557","targetHints":{"allow":["GET"]}}],"collection":[{"href":"https:\/\/www.infiniment-luxe.com\/en\/wp-json\/wp\/v2\/pages"}],"about":[{"href":"https:\/\/www.infiniment-luxe.com\/en\/wp-json\/wp\/v2\/types\/page"}],"author":[{"embeddable":true,"href":"https:\/\/www.infiniment-luxe.com\/en\/wp-json\/wp\/v2\/users\/1"}],"replies":[{"embeddable":true,"href":"https:\/\/www.infiniment-luxe.com\/en\/wp-json\/wp\/v2\/comments?post=557"}],"version-history":[{"count":8,"href":"https:\/\/www.infiniment-luxe.com\/en\/wp-json\/wp\/v2\/pages\/557\/revisions"}],"predecessor-version":[{"id":576,"href":"https:\/\/www.infiniment-luxe.com\/en\/wp-json\/wp\/v2\/pages\/557\/revisions\/576"}],"wp:featuredmedia":[{"embeddable":true,"href":"https:\/\/www.infiniment-luxe.com\/en\/wp-json\/wp\/v2\/media\/451"}],"wp:attachment":[{"href":"https:\/\/www.infiniment-luxe.com\/en\/wp-json\/wp\/v2\/media?parent=557"}],"curies":[{"name":"wp","href":"https:\/\/api.w.org\/{rel}","templated":true}]}}