{"id":354,"date":"2015-10-12T11:10:10","date_gmt":"2015-10-12T10:10:10","guid":{"rendered":"http:\/\/infinimemp.cluster005.ovh.net\/?page_id=354"},"modified":"2020-12-18T09:00:28","modified_gmt":"2020-12-18T08:00:28","slug":"dennery-padded-articles","status":"publish","type":"page","link":"https:\/\/www.infiniment-luxe.com\/en\/dennery-padded-articles\/","title":{"rendered":"D&#8217;Ennery padded articles"},"content":{"rendered":"<p>For more 70 years the brand D\u2019ENNERY has worked to produce padded articles as the worthy heir of the purest French textile traditions.<\/p>\n<p>The specialized padded articles D\u2019ENNERY makes bed spreads and scarves, plaids, quilts, Proven\u00e7al quilting, covers for seats, quilted wall hangings\u2026 everything for decorating and decorating accessories in a subtle spirit of harmonization Jacquards, printed, or self-colored tissues with very varied or created to order stitching patterns. With its authentic expertise adapted to the highest stipulations, products are made to meet every need and requirement with a respect for irreproachable quality. A complete collection that is distinguished by a reserved and refined elegance that mixes tradition, modernity, and creativity.<\/p>\n<p>Its creations extend from basic ranges\u00a0padded articles to the grandest hotels : Le Meurice, Georges V, Le Royal Monceau\u2026. D\u2019ENNERY guarantees you made to measure production, whether of excellence or originality.<\/p>\n","protected":false},"excerpt":{"rendered":"<p>For more 70 years the brand D\u2019ENNERY has worked to produce padded articles as the worthy heir of the purest French textile traditions. The specialized padded articles D\u2019ENNERY makes bed spreads and scarves, plaids, quilts, Proven\u00e7al quilting, covers for seats, quilted wall hangings\u2026 everything for decorating and decorating accessories in a subtle spirit of harmonization [&hellip;]<\/p>\n","protected":false},"author":2,"featured_media":349,"parent":0,"menu_order":0,"comment_status":"closed","ping_status":"closed","template":"","meta":{"_acf_changed":false,"footnotes":""},"class_list":["post-354","page","type-page","status-publish","has-post-thumbnail","hentry"],"acf":[],"yoast_head":"<!-- This site is optimized with the Yoast SEO plugin v26.8 - https:\/\/yoast.com\/product\/yoast-seo-wordpress\/ -->\n<title>D&#039;Ennery padded articles - infiniment luxe<\/title>\n<meta name=\"description\" content=\"For 30 years the brand D\u2019ENNERY has worked to produce padded articles as the worthy heir of the purest French textile traditions.\" \/>\n<meta name=\"robots\" content=\"index, follow, max-snippet:-1, max-image-preview:large, max-video-preview:-1\" \/>\n<link rel=\"canonical\" href=\"https:\/\/www.infiniment-luxe.com\/en\/dennery-padded-articles\/\" \/>\n<meta property=\"og:locale\" content=\"en_GB\" \/>\n<meta property=\"og:type\" content=\"article\" \/>\n<meta property=\"og:title\" content=\"D&#039;Ennery padded articles - infiniment luxe\" \/>\n<meta property=\"og:description\" content=\"For 30 years the brand D\u2019ENNERY has worked to produce padded articles as the worthy heir of the purest French textile traditions.\" \/>\n<meta property=\"og:url\" content=\"https:\/\/www.infiniment-luxe.com\/en\/dennery-padded-articles\/\" \/>\n<meta property=\"og:site_name\" content=\"infiniment luxe\" \/>\n<meta property=\"article:modified_time\" content=\"2020-12-18T08:00:28+00:00\" \/>\n<meta property=\"og:image\" content=\"https:\/\/www.infiniment-luxe.com\/wp-content\/uploads\/2015\/10\/produits-matelasses-decoration-hotel-palace-mode-luxe-textile-maison.jpg\" \/>\n\t<meta property=\"og:image:width\" content=\"200\" \/>\n\t<meta property=\"og:image:height\" content=\"200\" \/>\n\t<meta property=\"og:image:type\" content=\"image\/jpeg\" \/>\n<meta name=\"twitter:card\" content=\"summary_large_image\" \/>\n<meta name=\"twitter:label1\" content=\"Est. reading time\" \/>\n\t<meta name=\"twitter:data1\" content=\"1 minute\" \/>\n<script type=\"application\/ld+json\" class=\"yoast-schema-graph\">{\"@context\":\"https:\/\/schema.org\",\"@graph\":[{\"@type\":\"WebPage\",\"@id\":\"https:\/\/www.infiniment-luxe.com\/en\/dennery-padded-articles\/\",\"url\":\"https:\/\/www.infiniment-luxe.com\/en\/dennery-padded-articles\/\",\"name\":\"D'Ennery padded articles - infiniment luxe\",\"isPartOf\":{\"@id\":\"https:\/\/www.infiniment-luxe.com\/fr\/#website\"},\"primaryImageOfPage\":{\"@id\":\"https:\/\/www.infiniment-luxe.com\/en\/dennery-padded-articles\/#primaryimage\"},\"image\":{\"@id\":\"https:\/\/www.infiniment-luxe.com\/en\/dennery-padded-articles\/#primaryimage\"},\"thumbnailUrl\":\"https:\/\/www.infiniment-luxe.com\/wp-content\/uploads\/2015\/10\/produits-matelasses-decoration-hotel-palace-mode-luxe-textile-maison.jpg\",\"datePublished\":\"2015-10-12T10:10:10+00:00\",\"dateModified\":\"2020-12-18T08:00:28+00:00\",\"description\":\"For 30 years the brand D\u2019ENNERY has worked to produce padded articles as the worthy heir of the purest French textile traditions.\",\"breadcrumb\":{\"@id\":\"https:\/\/www.infiniment-luxe.com\/en\/dennery-padded-articles\/#breadcrumb\"},\"inLanguage\":\"en-GB\",\"potentialAction\":[{\"@type\":\"ReadAction\",\"target\":[\"https:\/\/www.infiniment-luxe.com\/en\/dennery-padded-articles\/\"]}]},{\"@type\":\"ImageObject\",\"inLanguage\":\"en-GB\",\"@id\":\"https:\/\/www.infiniment-luxe.com\/en\/dennery-padded-articles\/#primaryimage\",\"url\":\"https:\/\/www.infiniment-luxe.com\/wp-content\/uploads\/2015\/10\/produits-matelasses-decoration-hotel-palace-mode-luxe-textile-maison.jpg\",\"contentUrl\":\"https:\/\/www.infiniment-luxe.com\/wp-content\/uploads\/2015\/10\/produits-matelasses-decoration-hotel-palace-mode-luxe-textile-maison.jpg\",\"width\":200,\"height\":200,\"caption\":\"D'Ennery confectionne des produits matelass\u00e9s et d\u00e9coration pour les h\u00f4tels, palaces, la mode, le luxe et les textiles de maison\"},{\"@type\":\"BreadcrumbList\",\"@id\":\"https:\/\/www.infiniment-luxe.com\/en\/dennery-padded-articles\/#breadcrumb\",\"itemListElement\":[{\"@type\":\"ListItem\",\"position\":1,\"name\":\"Accueil\",\"item\":\"https:\/\/www.infiniment-luxe.com\/en\/\"},{\"@type\":\"ListItem\",\"position\":2,\"name\":\"D&rsquo;Ennery padded articles\"}]},{\"@type\":\"WebSite\",\"@id\":\"https:\/\/www.infiniment-luxe.com\/fr\/#website\",\"url\":\"https:\/\/www.infiniment-luxe.com\/fr\/\",\"name\":\"infiniment luxe\",\"description\":\"La quintessence de l\u2019artisanat auvergnat.\",\"potentialAction\":[{\"@type\":\"SearchAction\",\"target\":{\"@type\":\"EntryPoint\",\"urlTemplate\":\"https:\/\/www.infiniment-luxe.com\/fr\/?s={search_term_string}\"},\"query-input\":{\"@type\":\"PropertyValueSpecification\",\"valueRequired\":true,\"valueName\":\"search_term_string\"}}],\"inLanguage\":\"en-GB\"}]}<\/script>\n<!-- \/ Yoast SEO plugin. -->","yoast_head_json":{"title":"D'Ennery padded articles - infiniment luxe","description":"For 30 years the brand D\u2019ENNERY has worked to produce padded articles as the worthy heir of the purest French textile traditions.","robots":{"index":"index","follow":"follow","max-snippet":"max-snippet:-1","max-image-preview":"max-image-preview:large","max-video-preview":"max-video-preview:-1"},"canonical":"https:\/\/www.infiniment-luxe.com\/en\/dennery-padded-articles\/","og_locale":"en_GB","og_type":"article","og_title":"D'Ennery padded articles - infiniment luxe","og_description":"For 30 years the brand D\u2019ENNERY has worked to produce padded articles as the worthy heir of the purest French textile traditions.","og_url":"https:\/\/www.infiniment-luxe.com\/en\/dennery-padded-articles\/","og_site_name":"infiniment luxe","article_modified_time":"2020-12-18T08:00:28+00:00","og_image":[{"width":200,"height":200,"url":"https:\/\/www.infiniment-luxe.com\/wp-content\/uploads\/2015\/10\/produits-matelasses-decoration-hotel-palace-mode-luxe-textile-maison.jpg","type":"image\/jpeg"}],"twitter_card":"summary_large_image","twitter_misc":{"Est. reading time":"1 minute"},"schema":{"@context":"https:\/\/schema.org","@graph":[{"@type":"WebPage","@id":"https:\/\/www.infiniment-luxe.com\/en\/dennery-padded-articles\/","url":"https:\/\/www.infiniment-luxe.com\/en\/dennery-padded-articles\/","name":"D'Ennery padded articles - infiniment luxe","isPartOf":{"@id":"https:\/\/www.infiniment-luxe.com\/fr\/#website"},"primaryImageOfPage":{"@id":"https:\/\/www.infiniment-luxe.com\/en\/dennery-padded-articles\/#primaryimage"},"image":{"@id":"https:\/\/www.infiniment-luxe.com\/en\/dennery-padded-articles\/#primaryimage"},"thumbnailUrl":"https:\/\/www.infiniment-luxe.com\/wp-content\/uploads\/2015\/10\/produits-matelasses-decoration-hotel-palace-mode-luxe-textile-maison.jpg","datePublished":"2015-10-12T10:10:10+00:00","dateModified":"2020-12-18T08:00:28+00:00","description":"For 30 years the brand D\u2019ENNERY has worked to produce padded articles as the worthy heir of the purest French textile traditions.","breadcrumb":{"@id":"https:\/\/www.infiniment-luxe.com\/en\/dennery-padded-articles\/#breadcrumb"},"inLanguage":"en-GB","potentialAction":[{"@type":"ReadAction","target":["https:\/\/www.infiniment-luxe.com\/en\/dennery-padded-articles\/"]}]},{"@type":"ImageObject","inLanguage":"en-GB","@id":"https:\/\/www.infiniment-luxe.com\/en\/dennery-padded-articles\/#primaryimage","url":"https:\/\/www.infiniment-luxe.com\/wp-content\/uploads\/2015\/10\/produits-matelasses-decoration-hotel-palace-mode-luxe-textile-maison.jpg","contentUrl":"https:\/\/www.infiniment-luxe.com\/wp-content\/uploads\/2015\/10\/produits-matelasses-decoration-hotel-palace-mode-luxe-textile-maison.jpg","width":200,"height":200,"caption":"D'Ennery confectionne des produits matelass\u00e9s et d\u00e9coration pour les h\u00f4tels, palaces, la mode, le luxe et les textiles de maison"},{"@type":"BreadcrumbList","@id":"https:\/\/www.infiniment-luxe.com\/en\/dennery-padded-articles\/#breadcrumb","itemListElement":[{"@type":"ListItem","position":1,"name":"Accueil","item":"https:\/\/www.infiniment-luxe.com\/en\/"},{"@type":"ListItem","position":2,"name":"D&rsquo;Ennery padded articles"}]},{"@type":"WebSite","@id":"https:\/\/www.infiniment-luxe.com\/fr\/#website","url":"https:\/\/www.infiniment-luxe.com\/fr\/","name":"infiniment luxe","description":"La quintessence de l\u2019artisanat auvergnat.","potentialAction":[{"@type":"SearchAction","target":{"@type":"EntryPoint","urlTemplate":"https:\/\/www.infiniment-luxe.com\/fr\/?s={search_term_string}"},"query-input":{"@type":"PropertyValueSpecification","valueRequired":true,"valueName":"search_term_string"}}],"inLanguage":"en-GB"}]}},"_links":{"self":[{"href":"https:\/\/www.infiniment-luxe.com\/en\/wp-json\/wp\/v2\/pages\/354","targetHints":{"allow":["GET"]}}],"collection":[{"href":"https:\/\/www.infiniment-luxe.com\/en\/wp-json\/wp\/v2\/pages"}],"about":[{"href":"https:\/\/www.infiniment-luxe.com\/en\/wp-json\/wp\/v2\/types\/page"}],"author":[{"embeddable":true,"href":"https:\/\/www.infiniment-luxe.com\/en\/wp-json\/wp\/v2\/users\/2"}],"replies":[{"embeddable":true,"href":"https:\/\/www.infiniment-luxe.com\/en\/wp-json\/wp\/v2\/comments?post=354"}],"version-history":[{"count":10,"href":"https:\/\/www.infiniment-luxe.com\/en\/wp-json\/wp\/v2\/pages\/354\/revisions"}],"predecessor-version":[{"id":973,"href":"https:\/\/www.infiniment-luxe.com\/en\/wp-json\/wp\/v2\/pages\/354\/revisions\/973"}],"wp:featuredmedia":[{"embeddable":true,"href":"https:\/\/www.infiniment-luxe.com\/en\/wp-json\/wp\/v2\/media\/349"}],"wp:attachment":[{"href":"https:\/\/www.infiniment-luxe.com\/en\/wp-json\/wp\/v2\/media?parent=354"}],"curies":[{"name":"wp","href":"https:\/\/api.w.org\/{rel}","templated":true}]}}